{"id":685,"date":"2013-04-17T14:47:20","date_gmt":"2013-04-17T12:47:20","guid":{"rendered":"http:\/\/bettyswelt.hostingsociety.com\/blog\/?page_id=685"},"modified":"2018-06-01T09:39:36","modified_gmt":"2018-06-01T07:39:36","slug":"richterberichte-2013","status":"publish","type":"page","link":"https:\/\/www.belfers.de\/?page_id=685","title":{"rendered":"Richterberichte 2013"},"content":{"rendered":"<p><strong>Reken 11. August<\/strong><br \/>\n<em>Richter: A.C. de Carvalho, Brasilien<\/em><\/p>\n<p><strong>V1 +Anw. Dt. Ch VDH<\/strong><\/p>\n<p>Very nice typey, lovely head plans, very good muzzle and underjaw. No depth. Moves well. Would like to see a simple track in the rear movement. Exc.<br \/>\n_________________________________________________________<\/p>\n<p><strong>Wulsb\u00fcttel, 07.Juli (K\u00f6rung)<\/strong><br \/>\n<em>K\u00f6rrichter: Claus-Peter Fricke<\/em><\/p>\n<p><strong>V (Formwertnote der K\u00f6rung) +K\u00f6rklasse 1<\/strong><\/p>\n<p>Den ausf\u00fchrlichen Bericht gibt\u00b4s hier: <a href=\"https:\/\/www.belfers.de\/?page_id=1107\" title=\"K\u00f6rbericht 07.07.2013\" target=\"_blank\">K\u00f6rbericht<br \/>\n<\/a><br \/>\n__________________________________________________________<\/p>\n<p><strong>Oldenburg, 05.Mai<\/strong><br \/>\n<em>Richterin: Heidi M\u00fcller-Heinz, Deutschland<\/em><\/p>\n<p><strong>V1 +Anw. Dt. Ch VDH<\/strong><\/p>\n<p>19 Monate alter R\u00fcde, sch\u00f6ner typischer Kopf mit gutem Kopf und flachem Obersch\u00e4del, korrekte Augen und Ohren, korrektes Gebiss, gute Halsl\u00e4nge, schon gut entwickelter Brustkorb, gute Hinterhandwinkelung, Haarkleid von guter Struktur und sch\u00f6ner Farbverteilung, flottes Gangwerk.<br \/>\n__________________________________________________________<\/p>\n<p><strong>Oldenburg, 04.Mai<\/strong><br \/>\n<em>Richter: L. Zoumpoulidis, Griechenland<\/em><\/p>\n<p><strong>V1 +Anw. Dt. Ch VDH<\/strong><br \/>\nNice head and expression, correct bite, good angulations, good texture of hair, very good hocks, nice tail, very good movement, needs more exercise in the ring. <\/p>\n","protected":false},"excerpt":{"rendered":"<p>Reken 11. August Richter: A.C. de Carvalho, Brasilien V1 +Anw. Dt. Ch VDH Very nice typey, lovely head plans, very good muzzle and underjaw. No depth. Moves well. Would like to see a simple track in the rear movement. Exc. _________________________________________________________ Wulsb\u00fcttel, 07.Juli (K\u00f6rung) K\u00f6rrichter: Claus-Peter Fricke V (Formwertnote der K\u00f6rung) +K\u00f6rklasse 1 Den ausf\u00fchrlichen &hellip; <a href=\"https:\/\/www.belfers.de\/?page_id=685\" class=\"more-link\"><span class=\"screen-reader-text\">&#8222;Richterberichte 2013&#8220; <\/span>weiterlesen<\/a><\/p>\n","protected":false},"author":1,"featured_media":0,"parent":245,"menu_order":2,"comment_status":"open","ping_status":"closed","template":"","meta":[],"_links":{"self":[{"href":"https:\/\/www.belfers.de\/index.php?rest_route=\/wp\/v2\/pages\/685"}],"collection":[{"href":"https:\/\/www.belfers.de\/index.php?rest_route=\/wp\/v2\/pages"}],"about":[{"href":"https:\/\/www.belfers.de\/index.php?rest_route=\/wp\/v2\/types\/page"}],"author":[{"embeddable":true,"href":"https:\/\/www.belfers.de\/index.php?rest_route=\/wp\/v2\/users\/1"}],"replies":[{"embeddable":true,"href":"https:\/\/www.belfers.de\/index.php?rest_route=%2Fwp%2Fv2%2Fcomments&post=685"}],"version-history":[{"count":23,"href":"https:\/\/www.belfers.de\/index.php?rest_route=\/wp\/v2\/pages\/685\/revisions"}],"predecessor-version":[{"id":3829,"href":"https:\/\/www.belfers.de\/index.php?rest_route=\/wp\/v2\/pages\/685\/revisions\/3829"}],"up":[{"embeddable":true,"href":"https:\/\/www.belfers.de\/index.php?rest_route=\/wp\/v2\/pages\/245"}],"wp:attachment":[{"href":"https:\/\/www.belfers.de\/index.php?rest_route=%2Fwp%2Fv2%2Fmedia&parent=685"}],"curies":[{"name":"wp","href":"https:\/\/api.w.org\/{rel}","templated":true}]}}