{"id":667,"date":"2013-04-17T14:22:25","date_gmt":"2013-04-17T12:22:25","guid":{"rendered":"http:\/\/bettyswelt.hostingsociety.com\/blog\/?page_id=667"},"modified":"2018-06-01T09:39:36","modified_gmt":"2018-06-01T07:39:36","slug":"richterbericht-reken-11-08-2012","status":"publish","type":"page","link":"https:\/\/www.belfers.de\/?page_id=667","title":{"rendered":"Richterberichte 2012"},"content":{"rendered":"<p><strong>Reken, 11. August <\/strong><br \/>\n<em>Richter: Nick Smith, Spanien<\/em><\/p>\n<p><strong>V1 +Anw. Dt. J-Ch VDH<\/strong><br \/>\nVery well constructed, good bone, good strong head with nice expression, ears used very well and tipped. Sweet eye, very good angulation in rear, moved well, exc.<br \/>\n___________________________________________________________<\/p>\n<p><strong>Bremen, 05. August<\/strong><br \/>\n<em>Richterin: Judit Kor\u00f3zs-Papp, Ungarn<\/em><\/p>\n<p><strong>V1 + BOB +Anw. Dt. J-Ch VDH<\/strong><br \/>\nnice type, good size and bone, nice head, eyes and ears, nice expression, good topline, good angulations, good front, good type of coat, moves well<br \/>\n__________________________________________________________<\/p>\n<p><strong>Bremen, 04. August<\/strong><br \/>\n<em>Richter: Andreas Kor\u00f3zs, Ungarn<\/em><\/p>\n<p><strong>V1 +Anw. Dt. J-Ch VDH<\/strong><br \/>\nGute Gr\u00f6\u00dfe und Knochen, korrekter Kopftyp, kleine Augen, Korrekte Ohren, Korrekte Oberlinie, sehr gute Winkelung, sch\u00f6ne freie Bewegungen, guter Haartyp.<\/p>\n","protected":false},"excerpt":{"rendered":"<p>Reken, 11. August Richter: Nick Smith, Spanien V1 +Anw. Dt. J-Ch VDH Very well constructed, good bone, good strong head with nice expression, ears used very well and tipped. Sweet eye, very good angulation in rear, moved well, exc. ___________________________________________________________ Bremen, 05. August Richterin: Judit Kor\u00f3zs-Papp, Ungarn V1 + BOB +Anw. Dt. J-Ch VDH nice &hellip; <a href=\"https:\/\/www.belfers.de\/?page_id=667\" class=\"more-link\"><span class=\"screen-reader-text\">&#8222;Richterberichte 2012&#8220; <\/span>weiterlesen<\/a><\/p>\n","protected":false},"author":1,"featured_media":0,"parent":245,"menu_order":1,"comment_status":"open","ping_status":"closed","template":"","meta":[],"_links":{"self":[{"href":"https:\/\/www.belfers.de\/index.php?rest_route=\/wp\/v2\/pages\/667"}],"collection":[{"href":"https:\/\/www.belfers.de\/index.php?rest_route=\/wp\/v2\/pages"}],"about":[{"href":"https:\/\/www.belfers.de\/index.php?rest_route=\/wp\/v2\/types\/page"}],"author":[{"embeddable":true,"href":"https:\/\/www.belfers.de\/index.php?rest_route=\/wp\/v2\/users\/1"}],"replies":[{"embeddable":true,"href":"https:\/\/www.belfers.de\/index.php?rest_route=%2Fwp%2Fv2%2Fcomments&post=667"}],"version-history":[{"count":23,"href":"https:\/\/www.belfers.de\/index.php?rest_route=\/wp\/v2\/pages\/667\/revisions"}],"predecessor-version":[{"id":1317,"href":"https:\/\/www.belfers.de\/index.php?rest_route=\/wp\/v2\/pages\/667\/revisions\/1317"}],"up":[{"embeddable":true,"href":"https:\/\/www.belfers.de\/index.php?rest_route=\/wp\/v2\/pages\/245"}],"wp:attachment":[{"href":"https:\/\/www.belfers.de\/index.php?rest_route=%2Fwp%2Fv2%2Fmedia&parent=667"}],"curies":[{"name":"wp","href":"https:\/\/api.w.org\/{rel}","templated":true}]}}