{"id":561,"date":"2013-04-09T13:42:26","date_gmt":"2013-04-09T11:42:26","guid":{"rendered":"http:\/\/bettyswelt.hostingsociety.com\/blog\/?page_id=561"},"modified":"2018-06-01T09:39:37","modified_gmt":"2018-06-01T07:39:37","slug":"sporterfolge","status":"publish","type":"page","link":"https:\/\/www.belfers.de\/?page_id=561","title":{"rendered":"Sporterfolge"},"content":{"rendered":"<p>Cooper ist ein aktiver Hund, der nichts mehr liebt als sich zu bewegen und dabei auch ganz gerne mitdenkt&#8230;<br \/>\nWir haben erfolgreichen die <a href=\"https:\/\/www.belfers.de\/?page_id=654\" title=\"Begleithundepr\u00fcfung\" target=\"_blank\">Begleithundepr\u00fcfung<\/a> bestanden. <\/p>\n<p>Zeit sind wird nicht aktiv in einem Hundesportverein.<br \/>\nIn der Freizeit machen wir zum Spa\u00df Rally Obedience und Bike J\u00f6ring.<\/p>\n<p><a href=\"https:\/\/www.belfers.de\/?page_id=134\" title=\"\u00dcber Kurzhaarcollie Cooper\">zur\u00fcck zu <strong>\u00dcber Kurzhaarcollie Cooper<br \/>\n<\/strong><\/a><\/p>\n","protected":false},"excerpt":{"rendered":"<p>Cooper ist ein aktiver Hund, der nichts mehr liebt als sich zu bewegen und dabei auch ganz gerne mitdenkt&#8230; Wir haben erfolgreichen die Begleithundepr\u00fcfung bestanden. Zeit sind wird nicht aktiv in einem Hundesportverein. In der Freizeit machen wir zum Spa\u00df Rally Obedience und Bike J\u00f6ring. zur\u00fcck zu \u00dcber Kurzhaarcollie Cooper<\/p>\n","protected":false},"author":1,"featured_media":0,"parent":134,"menu_order":3,"comment_status":"open","ping_status":"open","template":"","meta":[],"_links":{"self":[{"href":"https:\/\/www.belfers.de\/index.php?rest_route=\/wp\/v2\/pages\/561"}],"collection":[{"href":"https:\/\/www.belfers.de\/index.php?rest_route=\/wp\/v2\/pages"}],"about":[{"href":"https:\/\/www.belfers.de\/index.php?rest_route=\/wp\/v2\/types\/page"}],"author":[{"embeddable":true,"href":"https:\/\/www.belfers.de\/index.php?rest_route=\/wp\/v2\/users\/1"}],"replies":[{"embeddable":true,"href":"https:\/\/www.belfers.de\/index.php?rest_route=%2Fwp%2Fv2%2Fcomments&post=561"}],"version-history":[{"count":20,"href":"https:\/\/www.belfers.de\/index.php?rest_route=\/wp\/v2\/pages\/561\/revisions"}],"predecessor-version":[{"id":4107,"href":"https:\/\/www.belfers.de\/index.php?rest_route=\/wp\/v2\/pages\/561\/revisions\/4107"}],"up":[{"embeddable":true,"href":"https:\/\/www.belfers.de\/index.php?rest_route=\/wp\/v2\/pages\/134"}],"wp:attachment":[{"href":"https:\/\/www.belfers.de\/index.php?rest_route=%2Fwp%2Fv2%2Fmedia&parent=561"}],"curies":[{"name":"wp","href":"https:\/\/api.w.org\/{rel}","templated":true}]}}