{"id":547,"date":"2013-04-10T11:14:38","date_gmt":"2013-04-10T09:14:38","guid":{"rendered":"http:\/\/bettyswelt.hostingsociety.com\/blog\/?page_id=547"},"modified":"2018-06-01T09:39:56","modified_gmt":"2018-06-01T07:39:56","slug":"kurzhaarcollie-pflege","status":"publish","type":"page","link":"https:\/\/www.belfers.de\/?page_id=547","title":{"rendered":"Kurzhaarcollie-Pflege"},"content":{"rendered":"<p>Ansich ist der Kurzhaarcollie ein pflegeleichter Hund.<br \/>\nViel Schmutz bleibt in dem kurzen Fell nicht h\u00e4ngen und verfilzen tut es auch nicht (zumindest ist bei Cooper bisher noch nix verfilzt!).<\/p>\n<p>Cooper b\u00fcrste ich so ca alle 2-3 Wochen gr\u00fcndlich durch, manchmal sind die Abst\u00e4nde auch gr\u00f6\u00dfer; im Fellwechsel b\u00fcrste ich fast t\u00e4glich.<br \/>\nIch habe zur <strong>Fellpflege<\/strong> einen <em>Furminator f\u00fcr Kurzhaar in L<\/em>, einen <em>Unterwollekamm<\/em>, eine <em>2seitige B\u00fcrste<\/em> und eine <em>Kong Massageb\u00fcrste<\/em>.<br \/>\nCooper mag den Furminator nicht sonderlich gerne (ziept scheinbar ordentlich!), aber der holt so gut und schnell die lose Unterwolle raus, daher muss er da ab und zu durch;<br \/>\naber er liebt die 2seitige B\u00fcrste und die Kong Massageb\u00fcrste, davon kann er nicht genug bekommen.<br \/>\nDie Massageb\u00fcrste kann ich allerdings nur im Freien verwenden, da die Haare unkontrolliert durch die Gegend fliegen.<\/p>\n<p>Insgesamt brauche ich f\u00fcr die Fellpflege nicht l\u00e4nger als ca. 30 Min.<\/p>\n<p>Nach jedem Spaziergang werden die Pfoten von mir mit einem Microfasertuch gereinigt, dabei kann ich die Ballen auch gleich auf m\u00f6gliche Verletzungen kontrollieren.<br \/>\nCooper hat sich schnell an die Prozedur gew\u00f6hnt; wenn wir nach Hause kommen, wartet er in der T\u00fcr bis ich seine Decke hingelegt habe, dann setzt er sich drauf bis ich das Geschirr oder Halsband abgenommen habe und dann legt er sich hin und l\u00e4sst sich brav die Pfoten reinigen.<br \/>\nAn regnerischen Tagen rubbel ich dann auch gleich noch das Fell trocken und Cooper kann sofort wieder durchs ganze Haus laufen.<br \/>\nZeitaufwand ca. 1-5 Minuten, je nach Wetter.<\/p>\n<p>Zu Anfang habe ich Cooper \u00f6fter geb\u00fcrstet, aber ich musste feststellen, dass er dadurch nicht weniger haarte, sondern eher noch mehr und sich das Fell sehr fettig anf\u00fchlte. Mit den jetztigen Intervallen scheint es OK zu sein, da sein Fell sch\u00f6n gl\u00e4nzt und sich angenehm anf\u00fchlt&#8230; leider haart er aber trotzdem immer&#8230;<br \/>\nt\u00e4gliches Staubsaugen ist also unumg\u00e4nglich!<\/p>\n<p>Ansonsten fette ich die Ballen gelegentlich mit Melkfett ein, damit sie nicht so spr\u00f6de werden; besonders vor und nach l\u00e4ngeren Radtouren \u00fcber Asphalt.<\/p>\n<p>F\u00fcr kleinere Verletzungen habe ich immer eine 3% Wasserstoffperoxidl\u00f6sung zum Reinigen und NeoBallistol zur Wundpflege da. Schnitt- und Sch\u00fcrfwunden habe ich damit schnell im Griff.<\/p>\n<p>Mindestens jede Woche 1x putze ich Cooper die Z\u00e4hne mit einer Hundezahnb\u00fcrste und-pasta. Cooper l\u00e4sst sich das gerne gefallen. Die Z\u00e4hne bleiben sch\u00f6n sauber und Cooper darf anschlie\u00dfend die Reste der mit Leberwurst aromatisierten Zahnpasta von der B\u00fcrste lecken.<\/p>\n<p><strong>Prophylaxe:<\/strong><br \/>\n<em>Fl\u00f6he:<\/em> Program (Medikament; verhindert, dass sich Fl\u00f6he vermehren)<br \/>\n<em>W\u00fcrmer:<\/em> in regelm\u00e4\u00dfigen Abst\u00e4nden Kotproben (\u00fcber drei Tage gesammelt) beim Tierarzt untersuchen lassen; Cooper ist seit fast zwei Jahren frei \ud83d\ude42<br \/>\n<em>Zecken:<\/em> t\u00e4glich (das ganze Jahr \u00fcber) 1EL Kokosflocken \u00fcbers Futter; in der Zeckenhochzeit alle 3-4 Tage Einreiben mit 100%igem nativen Bio-Kokos\u00f6l; letztes Jahr (2012) hatte Cooper damit drei Zecken; dieses Jahr (2013) bevor (!) ich wieder mit dem Einreiben begonnen habe, bisher zwei!<\/p>\n<p>Vor Ausstellungen mache ich nicht viel mehr&#8230;<\/p>\n<p>Kein Baden oder \u00e4hnliches!<\/p>\n<p>Zur Ausstellungen selber nehme ich einen Kamm, ein Microfasertuch und ein paar Feuchtt\u00fccher mit, damit mache ich Cooper kurz vorm Lauf im Ring nochmal chic.<\/p>\n<p>Alles in Allem also kein gro\u00dfer Pflegeaufwand beim Kurzhaarcollie&#8230; die meiste Zeit nimmt das t\u00e4gliche Staubsaugen in Anspruch \ud83d\ude09<\/p>\n<p><a href=\"https:\/\/www.belfers.de\/?page_id=267\" title=\"Wissenswertes \u00fcber Hunde\">zur\u00fcck zu <strong>Wissenswertes \u00fcber Hunde<\/strong><\/a><\/p>\n","protected":false},"excerpt":{"rendered":"<p>Ansich ist der Kurzhaarcollie ein pflegeleichter Hund. Viel Schmutz bleibt in dem kurzen Fell nicht h\u00e4ngen und verfilzen tut es auch nicht (zumindest ist bei Cooper bisher noch nix verfilzt!). Cooper b\u00fcrste ich so ca alle 2-3 Wochen gr\u00fcndlich durch, manchmal sind die Abst\u00e4nde auch gr\u00f6\u00dfer; im Fellwechsel b\u00fcrste ich fast t\u00e4glich. Ich habe zur &hellip; <a href=\"https:\/\/www.belfers.de\/?page_id=547\" class=\"more-link\"><span class=\"screen-reader-text\">&#8222;Kurzhaarcollie-Pflege&#8220; <\/span>weiterlesen<\/a><\/p>\n","protected":false},"author":1,"featured_media":0,"parent":267,"menu_order":2,"comment_status":"open","ping_status":"open","template":"","meta":[],"_links":{"self":[{"href":"https:\/\/www.belfers.de\/index.php?rest_route=\/wp\/v2\/pages\/547"}],"collection":[{"href":"https:\/\/www.belfers.de\/index.php?rest_route=\/wp\/v2\/pages"}],"about":[{"href":"https:\/\/www.belfers.de\/index.php?rest_route=\/wp\/v2\/types\/page"}],"author":[{"embeddable":true,"href":"https:\/\/www.belfers.de\/index.php?rest_route=\/wp\/v2\/users\/1"}],"replies":[{"embeddable":true,"href":"https:\/\/www.belfers.de\/index.php?rest_route=%2Fwp%2Fv2%2Fcomments&post=547"}],"version-history":[{"count":19,"href":"https:\/\/www.belfers.de\/index.php?rest_route=\/wp\/v2\/pages\/547\/revisions"}],"predecessor-version":[{"id":3848,"href":"https:\/\/www.belfers.de\/index.php?rest_route=\/wp\/v2\/pages\/547\/revisions\/3848"}],"up":[{"embeddable":true,"href":"https:\/\/www.belfers.de\/index.php?rest_route=\/wp\/v2\/pages\/267"}],"wp:attachment":[{"href":"https:\/\/www.belfers.de\/index.php?rest_route=%2Fwp%2Fv2%2Fmedia&parent=547"}],"curies":[{"name":"wp","href":"https:\/\/api.w.org\/{rel}","templated":true}]}}