{"id":4346,"date":"2017-09-09T11:18:32","date_gmt":"2017-09-09T09:18:32","guid":{"rendered":"http:\/\/www.belfers.de\/?page_id=4346"},"modified":"2018-06-01T09:39:56","modified_gmt":"2018-06-01T07:39:56","slug":"koerbericht-folgt","status":"publish","type":"page","link":"https:\/\/www.belfers.de\/?page_id=4346","title":{"rendered":"Verhaltensbeurteilung (DCC) und Zuchtzulassung"},"content":{"rendered":"<p>Jacks Verhaltensbeurteilung fand am 19.11.2017 auf der SRA Badbergen durch Richterin Kerstin Selle statt.<\/p>\n<p><strong>Verhalten gegen\u00fcber Menschen:<\/strong> freundlich<br \/>\n<strong>Verhalten gegen\u00fcber Hunden<\/strong>: freundlich<br \/>\n<strong>Der Collie verh\u00e4lt sich im Rahmen der Ausstellung<\/strong>: standardgem\u00e4\u00df<br \/>\n<strong>Aufgrund des Verhaltens wird eine Zuchtverwendung:<\/strong> empfohlen<\/p>\n<p><a href=\"https:\/\/www.belfers.de\/wp-content\/uploads\/2017\/09\/23622176_1168430319960414_8921696383079490076_n.jpg\"><img loading=\"lazy\" src=\"https:\/\/www.belfers.de\/wp-content\/uploads\/2017\/09\/23622176_1168430319960414_8921696383079490076_n.jpg\" alt=\"23622176_1168430319960414_8921696383079490076_n\" width=\"640\" height=\"599\" class=\"aligncenter size-full wp-image-4376\" srcset=\"https:\/\/www.belfers.de\/wp-content\/uploads\/2017\/09\/23622176_1168430319960414_8921696383079490076_n.jpg 640w, https:\/\/www.belfers.de\/wp-content\/uploads\/2017\/09\/23622176_1168430319960414_8921696383079490076_n-300x281.jpg 300w\" sizes=\"(max-width: 640px) 85vw, 640px\" \/><\/a> <strong>Foto:<\/strong> SRA Badbergen, 19.11.2017, mit freundlicher Genehmigung von Irma Jeckel<\/p>\n<p>Die offizielle Best\u00e4tigung durch den DCC steht noch aus;<br \/>\nanschlie\u00dfend steht Jack geeigneten H\u00fcndinnen als Deckr\u00fcde zur Verf\u00fcgung.<br \/>\nEine fr\u00fchzeitige Kontaktaufnahme ist sehr erw\u00fcnscht!<\/p>\n","protected":false},"excerpt":{"rendered":"<p>Jacks Verhaltensbeurteilung fand am 19.11.2017 auf der SRA Badbergen durch Richterin Kerstin Selle statt. Verhalten gegen\u00fcber Menschen: freundlich Verhalten gegen\u00fcber Hunden: freundlich Der Collie verh\u00e4lt sich im Rahmen der Ausstellung: standardgem\u00e4\u00df Aufgrund des Verhaltens wird eine Zuchtverwendung: empfohlen Foto: SRA Badbergen, 19.11.2017, mit freundlicher Genehmigung von Irma Jeckel Die offizielle Best\u00e4tigung durch den DCC steht &hellip; <a href=\"https:\/\/www.belfers.de\/?page_id=4346\" class=\"more-link\"><span class=\"screen-reader-text\">&#8222;Verhaltensbeurteilung (DCC) und Zuchtzulassung&#8220; <\/span>weiterlesen<\/a><\/p>\n","protected":false},"author":1,"featured_media":0,"parent":4282,"menu_order":1,"comment_status":"open","ping_status":"open","template":"","meta":[],"_links":{"self":[{"href":"https:\/\/www.belfers.de\/index.php?rest_route=\/wp\/v2\/pages\/4346"}],"collection":[{"href":"https:\/\/www.belfers.de\/index.php?rest_route=\/wp\/v2\/pages"}],"about":[{"href":"https:\/\/www.belfers.de\/index.php?rest_route=\/wp\/v2\/types\/page"}],"author":[{"embeddable":true,"href":"https:\/\/www.belfers.de\/index.php?rest_route=\/wp\/v2\/users\/1"}],"replies":[{"embeddable":true,"href":"https:\/\/www.belfers.de\/index.php?rest_route=%2Fwp%2Fv2%2Fcomments&post=4346"}],"version-history":[{"count":4,"href":"https:\/\/www.belfers.de\/index.php?rest_route=\/wp\/v2\/pages\/4346\/revisions"}],"predecessor-version":[{"id":4378,"href":"https:\/\/www.belfers.de\/index.php?rest_route=\/wp\/v2\/pages\/4346\/revisions\/4378"}],"up":[{"embeddable":true,"href":"https:\/\/www.belfers.de\/index.php?rest_route=\/wp\/v2\/pages\/4282"}],"wp:attachment":[{"href":"https:\/\/www.belfers.de\/index.php?rest_route=%2Fwp%2Fv2%2Fmedia&parent=4346"}],"curies":[{"name":"wp","href":"https:\/\/api.w.org\/{rel}","templated":true}]}}