{"id":372,"date":"2013-03-25T18:26:57","date_gmt":"2013-03-25T17:26:57","guid":{"rendered":"http:\/\/bettyswelt.hostingsociety.com\/blog\/?page_id=372"},"modified":"2018-06-01T09:39:57","modified_gmt":"2018-06-01T07:39:57","slug":"buttermilchbrotchen","status":"publish","type":"page","link":"https:\/\/www.belfers.de\/?page_id=372","title":{"rendered":"Buttermilchbr\u00f6tchen"},"content":{"rendered":"<p>F\u00fcr ca. 16 Br\u00f6tchen<\/p>\n<p>Zutaten:<br \/>\n<em>300g Mehl<br \/>\n3 1\/2 TL Backpulver<br \/>\n3\/4 TL Salz<br \/>\n50g Margarine<br \/>\n200g Buttermilch<\/em><\/p>\n<p>Mehl mit dem Backpulver und Salz in eine Sch\u00fcssel geben. Margarine dazu geben und gut verkneten.<br \/>\nButtermilch hinzu geben und schnell zu einem weichen Teig verkneten.<\/p>\n<p>Backofen auf 225 Grad vorheizen.<\/p>\n<p>Mit der Hand kleine Br\u00f6tchen aus dem Teig formen und aufs Backblech geben.<\/p>\n<p>15-20 Minuten backen.<br \/>\nLeicht gebr\u00e4unt sind die Br\u00f6tchen fertig und schmecken am Besten noch warm!<br \/>\n(wenn man die Br\u00f6tchen leicht abk\u00fchlen l\u00e4sst und dann sofort in eine luftdichte Dose packt, schmecken sie am n\u00e4chsten Tag noch, sonst werden sie leider schnell hart)<\/p>\n","protected":false},"excerpt":{"rendered":"<p>F\u00fcr ca. 16 Br\u00f6tchen Zutaten: 300g Mehl 3 1\/2 TL Backpulver 3\/4 TL Salz 50g Margarine 200g Buttermilch Mehl mit dem Backpulver und Salz in eine Sch\u00fcssel geben. Margarine dazu geben und gut verkneten. Buttermilch hinzu geben und schnell zu einem weichen Teig verkneten. Backofen auf 225 Grad vorheizen. Mit der Hand kleine Br\u00f6tchen aus &hellip; <a href=\"https:\/\/www.belfers.de\/?page_id=372\" class=\"more-link\"><span class=\"screen-reader-text\">&#8222;Buttermilchbr\u00f6tchen&#8220; <\/span>weiterlesen<\/a><\/p>\n","protected":false},"author":1,"featured_media":0,"parent":152,"menu_order":3,"comment_status":"open","ping_status":"open","template":"","meta":[],"_links":{"self":[{"href":"https:\/\/www.belfers.de\/index.php?rest_route=\/wp\/v2\/pages\/372"}],"collection":[{"href":"https:\/\/www.belfers.de\/index.php?rest_route=\/wp\/v2\/pages"}],"about":[{"href":"https:\/\/www.belfers.de\/index.php?rest_route=\/wp\/v2\/types\/page"}],"author":[{"embeddable":true,"href":"https:\/\/www.belfers.de\/index.php?rest_route=\/wp\/v2\/users\/1"}],"replies":[{"embeddable":true,"href":"https:\/\/www.belfers.de\/index.php?rest_route=%2Fwp%2Fv2%2Fcomments&post=372"}],"version-history":[{"count":4,"href":"https:\/\/www.belfers.de\/index.php?rest_route=\/wp\/v2\/pages\/372\/revisions"}],"predecessor-version":[{"id":4410,"href":"https:\/\/www.belfers.de\/index.php?rest_route=\/wp\/v2\/pages\/372\/revisions\/4410"}],"up":[{"embeddable":true,"href":"https:\/\/www.belfers.de\/index.php?rest_route=\/wp\/v2\/pages\/152"}],"wp:attachment":[{"href":"https:\/\/www.belfers.de\/index.php?rest_route=%2Fwp%2Fv2%2Fmedia&parent=372"}],"curies":[{"name":"wp","href":"https:\/\/api.w.org\/{rel}","templated":true}]}}