{"id":3362,"date":"2015-02-13T10:27:37","date_gmt":"2015-02-13T09:27:37","guid":{"rendered":"http:\/\/www.belfers.de\/?page_id=3362"},"modified":"2018-06-01T09:40:16","modified_gmt":"2018-06-01T07:40:16","slug":"herzhafte-kaefer-fuers-buffet","status":"publish","type":"page","link":"https:\/\/www.belfers.de\/?page_id=3362","title":{"rendered":"&#8222;K\u00e4se-K\u00e4fer&#8220; f\u00fcr\u00b4s Buffet"},"content":{"rendered":"<p><a href=\"https:\/\/www.belfers.de\/wp-content\/uploads\/2015\/02\/2015-02-13-06.44.16_klein.jpg\"><img loading=\"lazy\" src=\"https:\/\/www.belfers.de\/wp-content\/uploads\/2015\/02\/2015-02-13-06.44.16_klein.jpg\" alt=\"2015-02-13 06.44.16_klein\" width=\"503\" height=\"480\" class=\"aligncenter size-full wp-image-3366\" srcset=\"https:\/\/www.belfers.de\/wp-content\/uploads\/2015\/02\/2015-02-13-06.44.16_klein.jpg 503w, https:\/\/www.belfers.de\/wp-content\/uploads\/2015\/02\/2015-02-13-06.44.16_klein-300x286.jpg 300w\" sizes=\"(max-width: 503px) 85vw, 503px\" \/><\/a><\/p>\n<p>Die wirklich netten K\u00e4ferlein eignen sich hervorragend f\u00fcr Buffetplatten<\/p>\n<p><a href=\"https:\/\/www.belfers.de\/wp-content\/uploads\/2015\/02\/2015-02-13-06.44.01_klein.jpg\"><img loading=\"lazy\" src=\"https:\/\/www.belfers.de\/wp-content\/uploads\/2015\/02\/2015-02-13-06.44.01_klein.jpg\" alt=\"2015-02-13 06.44.01_klein\" width=\"640\" height=\"480\" class=\"aligncenter size-full wp-image-3357\" srcset=\"https:\/\/www.belfers.de\/wp-content\/uploads\/2015\/02\/2015-02-13-06.44.01_klein.jpg 640w, https:\/\/www.belfers.de\/wp-content\/uploads\/2015\/02\/2015-02-13-06.44.01_klein-300x225.jpg 300w, https:\/\/www.belfers.de\/wp-content\/uploads\/2015\/02\/2015-02-13-06.44.01_klein-160x120.jpg 160w\" sizes=\"(max-width: 640px) 85vw, 640px\" \/><\/a><\/p>\n<p>F\u00fcr 6 St\u00fcck<\/p>\n<p>6 Cracker\/oder Pumpernickel<br \/>\n6 Minik\u00e4se (z.B. Babybell)<br \/>\netwas Frischk\u00e4se<br \/>\netwas Paprikapulver<br \/>\nein St\u00fcck M\u00f6hre<br \/>\nein Wattest\u00e4bchen<br \/>\neinen Julienneschneider oder ein scharfes Messer<\/p>\n<p>Die Cracker\/Pumpernickelscheiben mit Frischk\u00e4se bestreichen.<br \/>\nDen K\u00e4se auspacken und nicht ganz die H\u00e4lfte abgerundet abschneiden<br \/>\n<strong>&#8211; das wird der K\u00e4ferkopf<\/strong>.<br \/>\nDen Rest in der Mitte einschneiden, aber nicht ganz durchtrennen<br \/>\n<strong>&#8211; das werden die Fl\u00fcgel<\/strong>.<br \/>\nMit Hilfe eines Julienneschneiders aus dem M\u00f6hrenst\u00fcck viele d\u00fcnne Streifen schneiden<br \/>\n<strong>&#8211; das werden die F\u00fchler<\/strong>.<br \/>\nEinen Streifen in viele kleine St\u00fccke schneiden<br \/>\n<strong>&#8211; das werden die Augen<\/strong>1.<\/p>\n<p>Erst die Juliennestreifen auf den Cracker\/Pumpernickel legen und dann die K\u00e4sest\u00fccke dadrauf legen und etwas andr\u00fccken.<br \/>\nMit Fingerspitzengef\u00fchl die kleinen M\u00f6hrenst\u00fccke in den K\u00e4ferkopf dr\u00fccken.<br \/>\nPaprikapulver auf einen Teller streuen und das Wattest\u00e4bchen mit Wasser anfeuchten und ins Paprikapulver tauchen, dann auf die K\u00e4ferfl\u00fcgel dr\u00fccken.<\/p>\n<p>Fertig \ud83d\ude42 da freuen sich die Kinder!<\/p>\n<p>!F\u00fcr Erwachsene kann man die K\u00e4fer noch etwas pikanter machen, indem man statt Frischk\u00e4se einen Dip nimmt z.B. Aioli!<\/p>\n","protected":false},"excerpt":{"rendered":"<p>Die wirklich netten K\u00e4ferlein eignen sich hervorragend f\u00fcr Buffetplatten F\u00fcr 6 St\u00fcck 6 Cracker\/oder Pumpernickel 6 Minik\u00e4se (z.B. Babybell) etwas Frischk\u00e4se etwas Paprikapulver ein St\u00fcck M\u00f6hre ein Wattest\u00e4bchen einen Julienneschneider oder ein scharfes Messer Die Cracker\/Pumpernickelscheiben mit Frischk\u00e4se bestreichen. Den K\u00e4se auspacken und nicht ganz die H\u00e4lfte abgerundet abschneiden &#8211; das wird der K\u00e4ferkopf. Den &hellip; <a href=\"https:\/\/www.belfers.de\/?page_id=3362\" class=\"more-link\"><span class=\"screen-reader-text\">&#8222;&#8222;K\u00e4se-K\u00e4fer&#8220; f\u00fcr\u00b4s Buffet&#8220; <\/span>weiterlesen<\/a><\/p>\n","protected":false},"author":1,"featured_media":0,"parent":152,"menu_order":11,"comment_status":"open","ping_status":"closed","template":"","meta":[],"_links":{"self":[{"href":"https:\/\/www.belfers.de\/index.php?rest_route=\/wp\/v2\/pages\/3362"}],"collection":[{"href":"https:\/\/www.belfers.de\/index.php?rest_route=\/wp\/v2\/pages"}],"about":[{"href":"https:\/\/www.belfers.de\/index.php?rest_route=\/wp\/v2\/types\/page"}],"author":[{"embeddable":true,"href":"https:\/\/www.belfers.de\/index.php?rest_route=\/wp\/v2\/users\/1"}],"replies":[{"embeddable":true,"href":"https:\/\/www.belfers.de\/index.php?rest_route=%2Fwp%2Fv2%2Fcomments&post=3362"}],"version-history":[{"count":9,"href":"https:\/\/www.belfers.de\/index.php?rest_route=\/wp\/v2\/pages\/3362\/revisions"}],"predecessor-version":[{"id":3372,"href":"https:\/\/www.belfers.de\/index.php?rest_route=\/wp\/v2\/pages\/3362\/revisions\/3372"}],"up":[{"embeddable":true,"href":"https:\/\/www.belfers.de\/index.php?rest_route=\/wp\/v2\/pages\/152"}],"wp:attachment":[{"href":"https:\/\/www.belfers.de\/index.php?rest_route=%2Fwp%2Fv2%2Fmedia&parent=3362"}],"curies":[{"name":"wp","href":"https:\/\/api.w.org\/{rel}","templated":true}]}}