{"id":3356,"date":"2015-02-13T10:10:57","date_gmt":"2015-02-13T09:10:57","guid":{"rendered":"http:\/\/www.belfers.de\/?page_id=3356"},"modified":"2018-06-01T09:39:57","modified_gmt":"2018-06-01T07:39:57","slug":"kaeseplatte-faschingsplatte-die-2","status":"publish","type":"page","link":"https:\/\/www.belfers.de\/?page_id=3356","title":{"rendered":"K\u00e4seplatte (Faschingsplatte, die 2.)"},"content":{"rendered":"<p>Alle Jahre wieder&#8230;<br \/>\n&#8230;ist Fasching im Kindergarten \ud83d\ude42<\/p>\n<p>Dieses Jahr habe ich mich f\u00fcr die K\u00e4sespiesse eingetragen und habe dann gleich eine ganze K\u00e4seplatte gemacht!<\/p>\n<p>Als Spiesshalter habe ich Meloneh\u00e4lften genommen und die Kerne rausgel\u00f6ffelt (das n\u00e4sst sonst so doll!) und in Alufolie eingewickel &#8211; so kann man ganz leicht einen K\u00e4seigel selber basteln!<\/p>\n<p><a href=\"https:\/\/www.belfers.de\/wp-content\/uploads\/2015\/02\/2015-02-13-06.44.01_klein.jpg\"><img loading=\"lazy\" src=\"https:\/\/www.belfers.de\/wp-content\/uploads\/2015\/02\/2015-02-13-06.44.01_klein.jpg\" alt=\"2015-02-13 06.44.01_klein\" width=\"640\" height=\"480\" class=\"aligncenter size-full wp-image-3357\" srcset=\"https:\/\/www.belfers.de\/wp-content\/uploads\/2015\/02\/2015-02-13-06.44.01_klein.jpg 640w, https:\/\/www.belfers.de\/wp-content\/uploads\/2015\/02\/2015-02-13-06.44.01_klein-300x225.jpg 300w, https:\/\/www.belfers.de\/wp-content\/uploads\/2015\/02\/2015-02-13-06.44.01_klein-160x120.jpg 160w\" sizes=\"(max-width: 640px) 85vw, 640px\" \/><\/a><\/p>\n<p>Die Weintrauben haben sich mal wieder als Pinguine verkleidet &#8211; zur Bastelanleitung geht\u00b4s <a href=\"https:\/\/www.belfers.de\/?page_id=1970\" title=\"Pinguine f\u00fcr\u00b4s Buffet\" target=\"_blank\">hier<\/a><br \/>\nund diesemal gibt\u00b4s noch Begleitung von ein paar herzhaften K\u00e4ferlein &#8211; zur Anleitung geht\u00b4s <a href=\"https:\/\/www.belfers.de\/?page_id=3362\" title=\"&quot;K\u00e4se-K\u00e4fer&quot; f\u00fcr\u00b4s Buffet\" target=\"_blank\">hier<\/a><\/p>\n<p>Ausserdem gibt\u00b4s noch jeder Menge K\u00e4sespiesse &#8211; Gouda- und Butterk\u00e4sew\u00fcrfel mit hellen Trauben und Tomate-Mozarella mit Basilikum und noch ein paar Schmelzk\u00e4sedreiecke.<\/p>\n<p>Die Kinder haben sich gefreut \ud83d\ude42<\/p>\n","protected":false},"excerpt":{"rendered":"<p>Alle Jahre wieder&#8230; &#8230;ist Fasching im Kindergarten \ud83d\ude42 Dieses Jahr habe ich mich f\u00fcr die K\u00e4sespiesse eingetragen und habe dann gleich eine ganze K\u00e4seplatte gemacht! Als Spiesshalter habe ich Meloneh\u00e4lften genommen und die Kerne rausgel\u00f6ffelt (das n\u00e4sst sonst so doll!) und in Alufolie eingewickel &#8211; so kann man ganz leicht einen K\u00e4seigel selber basteln! Die &hellip; <a href=\"https:\/\/www.belfers.de\/?page_id=3356\" class=\"more-link\"><span class=\"screen-reader-text\">&#8222;K\u00e4seplatte (Faschingsplatte, die 2.)&#8220; <\/span>weiterlesen<\/a><\/p>\n","protected":false},"author":1,"featured_media":0,"parent":152,"menu_order":9,"comment_status":"open","ping_status":"closed","template":"","meta":[],"_links":{"self":[{"href":"https:\/\/www.belfers.de\/index.php?rest_route=\/wp\/v2\/pages\/3356"}],"collection":[{"href":"https:\/\/www.belfers.de\/index.php?rest_route=\/wp\/v2\/pages"}],"about":[{"href":"https:\/\/www.belfers.de\/index.php?rest_route=\/wp\/v2\/types\/page"}],"author":[{"embeddable":true,"href":"https:\/\/www.belfers.de\/index.php?rest_route=\/wp\/v2\/users\/1"}],"replies":[{"embeddable":true,"href":"https:\/\/www.belfers.de\/index.php?rest_route=%2Fwp%2Fv2%2Fcomments&post=3356"}],"version-history":[{"count":11,"href":"https:\/\/www.belfers.de\/index.php?rest_route=\/wp\/v2\/pages\/3356\/revisions"}],"predecessor-version":[{"id":3863,"href":"https:\/\/www.belfers.de\/index.php?rest_route=\/wp\/v2\/pages\/3356\/revisions\/3863"}],"up":[{"embeddable":true,"href":"https:\/\/www.belfers.de\/index.php?rest_route=\/wp\/v2\/pages\/152"}],"wp:attachment":[{"href":"https:\/\/www.belfers.de\/index.php?rest_route=%2Fwp%2Fv2%2Fmedia&parent=3356"}],"curies":[{"name":"wp","href":"https:\/\/api.w.org\/{rel}","templated":true}]}}