{"id":3310,"date":"2015-01-03T15:20:36","date_gmt":"2015-01-03T14:20:36","guid":{"rendered":"http:\/\/www.belfers.de\/?page_id=3310"},"modified":"2018-06-01T09:39:36","modified_gmt":"2018-06-01T07:39:36","slug":"neuigkeiten-e-wurf-vom-palais-brinn","status":"publish","type":"page","link":"https:\/\/www.belfers.de\/?page_id=3310","title":{"rendered":"Neuigkeiten: E-Wurf vom Palais Brinn"},"content":{"rendered":"<p>Ich habe mich sehr dar\u00fcber gefreut, dass einige Welpenbesitzer der E-linge vom Palais Brinn bereits Kontakt zu mir aufgenommen haben \ud83d\ude42<br \/>\nSch\u00f6n, dass es mir somit erm\u00f6glicht wird, die Entwicklung von Coopers erstem Nachwuchs etwas mitzuverfolgen!<\/p>\n<p>Mit freundlicher Genehmigung der Besitzer darf ich hier ab und zu ein paar Fotos der Welpen ver\u00f6ffentlichen.<br \/>\n(Selbstverst\u00e4ndlich k\u00f6nnen Sie Ihr Einverst\u00e4ndnis jederzeit zur\u00fcck ziehen &#8211; dazu einfach per mail unter <a href=\"https:\/\/www.belfers.de\/?page_id=164\" title=\"Kontakt\" target=\"_blank\">Kontakt<\/a> Bescheid geben!)<br \/>\n____________________________________________________________<br \/>\nK\u00f6rbericht von Earl Edward vom Palais Brinn von 25.09.2016:<br \/>\nK\u00f6rklasse 1<br \/>\nKr\u00e4ftiger R\u00fcde von sch\u00f6nem Rassetyp, maskuliner Kopf mit leichtem Stopp, gute Augen und Ohren, gute Winkelungen, kr\u00e4ftiger Hals, guter R\u00fccken, gute Kruppe, etwas flach in der Rippenpartie, etwas schmal in der Brust, kr\u00e4ftige Knochen, gutes Haarkleid mit sch\u00f6ner sauberer Farbe, raumgreifendes und flottes Gangwerk<br \/>\n_____________________________________________________________<br \/>\nNeue Bilder von den h\u00fcbschen E-lingen vom Palais Brinn (jetzt 10 Monate alt) &#8211; es hat mich so sehr gefreut zu h\u00f6ren, dass es allen Hundekindern gut geht und die Besitzer sehr zufrieden mit ihnen sind!<br \/>\nMit freundlicher Genehmigung von Judith Engel<\/p>\n<p>Elliot<br \/>\n<a href=\"https:\/\/www.belfers.de\/wp-content\/uploads\/2015\/01\/IMG_9921_klein.jpg\"><img loading=\"lazy\" src=\"https:\/\/www.belfers.de\/wp-content\/uploads\/2015\/01\/IMG_9921_klein.jpg\" alt=\"IMG_9921_klein\" width=\"640\" height=\"480\" class=\"aligncenter size-full wp-image-3711\" srcset=\"https:\/\/www.belfers.de\/wp-content\/uploads\/2015\/01\/IMG_9921_klein.jpg 640w, https:\/\/www.belfers.de\/wp-content\/uploads\/2015\/01\/IMG_9921_klein-300x225.jpg 300w, https:\/\/www.belfers.de\/wp-content\/uploads\/2015\/01\/IMG_9921_klein-160x120.jpg 160w\" sizes=\"(max-width: 640px) 85vw, 640px\" \/><\/a><\/p>\n<p><a href=\"https:\/\/www.belfers.de\/wp-content\/uploads\/2015\/01\/IMG_9925_klein.jpg\"><img loading=\"lazy\" src=\"https:\/\/www.belfers.de\/wp-content\/uploads\/2015\/01\/IMG_9925_klein.jpg\" alt=\"IMG_9925_klein\" width=\"480\" height=\"640\" class=\"aligncenter size-full wp-image-3712\" srcset=\"https:\/\/www.belfers.de\/wp-content\/uploads\/2015\/01\/IMG_9925_klein.jpg 480w, https:\/\/www.belfers.de\/wp-content\/uploads\/2015\/01\/IMG_9925_klein-225x300.jpg 225w\" sizes=\"(max-width: 480px) 85vw, 480px\" \/><\/a><\/p>\n<p>Esra<br \/>\n<a href=\"https:\/\/www.belfers.de\/wp-content\/uploads\/2015\/01\/FullSizeRender_klein.jpg\"><img loading=\"lazy\" src=\"https:\/\/www.belfers.de\/wp-content\/uploads\/2015\/01\/FullSizeRender_klein.jpg\" alt=\"FullSizeRender_klein\" width=\"640\" height=\"480\" class=\"aligncenter size-full wp-image-3713\" srcset=\"https:\/\/www.belfers.de\/wp-content\/uploads\/2015\/01\/FullSizeRender_klein.jpg 640w, https:\/\/www.belfers.de\/wp-content\/uploads\/2015\/01\/FullSizeRender_klein-300x225.jpg 300w, https:\/\/www.belfers.de\/wp-content\/uploads\/2015\/01\/FullSizeRender_klein-160x120.jpg 160w\" sizes=\"(max-width: 640px) 85vw, 640px\" \/><\/a><\/p>\n<p><a href=\"https:\/\/www.belfers.de\/wp-content\/uploads\/2015\/01\/FullSizeRender_1_klein.jpg\"><img loading=\"lazy\" src=\"https:\/\/www.belfers.de\/wp-content\/uploads\/2015\/01\/FullSizeRender_1_klein.jpg\" alt=\"FullSizeRender_1_klein\" width=\"640\" height=\"480\" class=\"aligncenter size-full wp-image-3714\" srcset=\"https:\/\/www.belfers.de\/wp-content\/uploads\/2015\/01\/FullSizeRender_1_klein.jpg 640w, https:\/\/www.belfers.de\/wp-content\/uploads\/2015\/01\/FullSizeRender_1_klein-300x225.jpg 300w, https:\/\/www.belfers.de\/wp-content\/uploads\/2015\/01\/FullSizeRender_1_klein-160x120.jpg 160w\" sizes=\"(max-width: 640px) 85vw, 640px\" \/><\/a><\/p>\n<p><a href=\"http:\/\/www.mbelfers.de\/wp-content\/uploads\/2015\/01\/FullSizeRender_2_klein.jpg\"><img loading=\"lazy\" src=\"https:\/\/www.belfers.de\/wp-content\/uploads\/2015\/01\/FullSizeRender_2_klein.jpg\" alt=\"FullSizeRender_2_klein\" width=\"640\" height=\"480\" class=\"aligncenter size-full wp-image-3715\" srcset=\"https:\/\/www.belfers.de\/wp-content\/uploads\/2015\/01\/FullSizeRender_2_klein.jpg 640w, https:\/\/www.belfers.de\/wp-content\/uploads\/2015\/01\/FullSizeRender_2_klein-300x225.jpg 300w, https:\/\/www.belfers.de\/wp-content\/uploads\/2015\/01\/FullSizeRender_2_klein-160x120.jpg 160w\" sizes=\"(max-width: 640px) 85vw, 640px\" \/><\/a><\/p>\n<p>Esra&#038;Earl Edward<br \/>\n<a href=\"https:\/\/www.belfers.de\/wp-content\/uploads\/2015\/01\/FullSizeRender_1_klein1.jpg\"><img loading=\"lazy\" src=\"https:\/\/www.belfers.de\/wp-content\/uploads\/2015\/01\/FullSizeRender_1_klein1.jpg\" alt=\"FullSizeRender_1_klein\" width=\"479\" height=\"640\" class=\"aligncenter size-full wp-image-3716\" srcset=\"https:\/\/www.belfers.de\/wp-content\/uploads\/2015\/01\/FullSizeRender_1_klein1.jpg 479w, https:\/\/www.belfers.de\/wp-content\/uploads\/2015\/01\/FullSizeRender_1_klein1-225x300.jpg 225w\" sizes=\"(max-width: 479px) 85vw, 479px\" \/><\/a><\/p>\n<p>Nita (H\u00fcndin von J.Engel), Esra und Earl Edward (v.l.n.r.)<br \/>\n<a href=\"https:\/\/www.belfers.de\/wp-content\/uploads\/2015\/01\/IMG_9860_klein.jpg\"><img loading=\"lazy\" src=\"https:\/\/www.belfers.de\/wp-content\/uploads\/2015\/01\/IMG_9860_klein.jpg\" alt=\"IMG_9860_klein\" width=\"480\" height=\"640\" class=\"aligncenter size-full wp-image-3717\" srcset=\"https:\/\/www.belfers.de\/wp-content\/uploads\/2015\/01\/IMG_9860_klein.jpg 480w, https:\/\/www.belfers.de\/wp-content\/uploads\/2015\/01\/IMG_9860_klein-225x300.jpg 225w\" sizes=\"(max-width: 480px) 85vw, 480px\" \/><\/a><\/p>\n<p>Edgar Eneas<br \/>\n<a href=\"https:\/\/www.belfers.de\/wp-content\/uploads\/2015\/01\/IMG_9572_klein.jpg\"><img loading=\"lazy\" src=\"https:\/\/www.belfers.de\/wp-content\/uploads\/2015\/01\/IMG_9572_klein.jpg\" alt=\"IMG_9572_klein\" width=\"360\" height=\"640\" class=\"aligncenter size-full wp-image-3718\" srcset=\"https:\/\/www.belfers.de\/wp-content\/uploads\/2015\/01\/IMG_9572_klein.jpg 360w, https:\/\/www.belfers.de\/wp-content\/uploads\/2015\/01\/IMG_9572_klein-169x300.jpg 169w\" sizes=\"(max-width: 360px) 85vw, 360px\" \/><\/a><\/p>\n<p><a href=\"https:\/\/www.belfers.de\/wp-content\/uploads\/2015\/01\/IMG_9571_klein.jpg\"><img loading=\"lazy\" src=\"https:\/\/www.belfers.de\/wp-content\/uploads\/2015\/01\/IMG_9571_klein.jpg\" alt=\"IMG_9571_klein\" width=\"360\" height=\"640\" class=\"aligncenter size-full wp-image-3719\" srcset=\"https:\/\/www.belfers.de\/wp-content\/uploads\/2015\/01\/IMG_9571_klein.jpg 360w, https:\/\/www.belfers.de\/wp-content\/uploads\/2015\/01\/IMG_9571_klein-169x300.jpg 169w\" sizes=\"(max-width: 360px) 85vw, 360px\" \/><\/a><\/p>\n<p><a href=\"https:\/\/www.belfers.de\/wp-content\/uploads\/2015\/01\/IMG_9568_klein.jpg\"><img loading=\"lazy\" src=\"https:\/\/www.belfers.de\/wp-content\/uploads\/2015\/01\/IMG_9568_klein.jpg\" alt=\"IMG_9568_klein\" width=\"360\" height=\"640\" class=\"aligncenter size-full wp-image-3720\" srcset=\"https:\/\/www.belfers.de\/wp-content\/uploads\/2015\/01\/IMG_9568_klein.jpg 360w, https:\/\/www.belfers.de\/wp-content\/uploads\/2015\/01\/IMG_9568_klein-169x300.jpg 169w\" sizes=\"(max-width: 360px) 85vw, 360px\" \/><\/a><br \/>\n_____________________________________________________________<br \/>\nCooper mit seiner Tochter Elmia (Emily-Ella vom Palais Brinn, 10 Monate alt)<br \/>\n<a href=\"https:\/\/www.belfers.de\/wp-content\/uploads\/2015\/08\/2015-08-02-12.51.42_klein.jpg\"><img loading=\"lazy\" src=\"https:\/\/www.belfers.de\/wp-content\/uploads\/2015\/08\/2015-08-02-12.51.42_klein.jpg\" alt=\"2015-08-02 12.51.42_klein\" width=\"640\" height=\"480\" class=\"aligncenter size-full wp-image-3670\" srcset=\"https:\/\/www.belfers.de\/wp-content\/uploads\/2015\/08\/2015-08-02-12.51.42_klein.jpg 640w, https:\/\/www.belfers.de\/wp-content\/uploads\/2015\/08\/2015-08-02-12.51.42_klein-300x225.jpg 300w, https:\/\/www.belfers.de\/wp-content\/uploads\/2015\/08\/2015-08-02-12.51.42_klein-160x120.jpg 160w\" sizes=\"(max-width: 640px) 85vw, 640px\" \/><\/a><br \/>\n_____________________________________________________________<br \/>\nElmia (Emily-Ella vom Palais Brinn; 10 Monate alt)<br \/>\n<a href=\"https:\/\/www.belfers.de\/wp-content\/uploads\/2015\/08\/2015-08-02-12.36.38_klein.jpg\"><img loading=\"lazy\" src=\"https:\/\/www.belfers.de\/wp-content\/uploads\/2015\/08\/2015-08-02-12.36.38_klein.jpg\" alt=\"2015-08-02 12.36.38_klein\" width=\"548\" height=\"480\" class=\"aligncenter size-full wp-image-3669\" srcset=\"https:\/\/www.belfers.de\/wp-content\/uploads\/2015\/08\/2015-08-02-12.36.38_klein.jpg 548w, https:\/\/www.belfers.de\/wp-content\/uploads\/2015\/08\/2015-08-02-12.36.38_klein-300x263.jpg 300w\" sizes=\"(max-width: 548px) 85vw, 548px\" \/><\/a><br \/>\n_____________________________________________________________<br \/>\nDie h\u00fcbsche Eden Europe &#8211; jetzt Cleo &#8211; im Dezember 2014.<br \/>\nDanke f\u00fcr die tollen Bilder!<\/p>\n<p><a href=\"https:\/\/www.belfers.de\/wp-content\/uploads\/2015\/01\/IMG_2987.jpg\"><img loading=\"lazy\" src=\"https:\/\/www.belfers.de\/wp-content\/uploads\/2015\/01\/IMG_2987.jpg\" alt=\"IMG_2987\" width=\"640\" height=\"640\" class=\"aligncenter size-full wp-image-3312\" srcset=\"https:\/\/www.belfers.de\/wp-content\/uploads\/2015\/01\/IMG_2987.jpg 640w, https:\/\/www.belfers.de\/wp-content\/uploads\/2015\/01\/IMG_2987-150x150.jpg 150w, https:\/\/www.belfers.de\/wp-content\/uploads\/2015\/01\/IMG_2987-300x300.jpg 300w\" sizes=\"(max-width: 640px) 85vw, 640px\" \/><\/a><\/p>\n<p><a href=\"https:\/\/www.belfers.de\/wp-content\/uploads\/2015\/01\/FullSizeRender.jpg\"><img loading=\"lazy\" src=\"https:\/\/www.belfers.de\/wp-content\/uploads\/2015\/01\/FullSizeRender.jpg\" alt=\"FullSizeRender\" width=\"492\" height=\"640\" class=\"aligncenter size-full wp-image-3313\" srcset=\"https:\/\/www.belfers.de\/wp-content\/uploads\/2015\/01\/FullSizeRender.jpg 492w, https:\/\/www.belfers.de\/wp-content\/uploads\/2015\/01\/FullSizeRender-231x300.jpg 231w\" sizes=\"(max-width: 492px) 85vw, 492px\" \/><\/a><\/p>\n<p>Noch zwei neue Bilder von Cleo (Eden Europe vom Palais Brinn)<br \/>\nSo h\u00fcbsch!<\/p>\n<p><a href=\"https:\/\/www.belfers.de\/wp-content\/uploads\/2015\/01\/FullSizeRender6.jpg\"><img loading=\"lazy\" src=\"https:\/\/www.belfers.de\/wp-content\/uploads\/2015\/01\/FullSizeRender6.jpg\" alt=\"FullSizeRender(6)\" width=\"428\" height=\"640\" class=\"aligncenter size-full wp-image-3321\" srcset=\"https:\/\/www.belfers.de\/wp-content\/uploads\/2015\/01\/FullSizeRender6.jpg 428w, https:\/\/www.belfers.de\/wp-content\/uploads\/2015\/01\/FullSizeRender6-201x300.jpg 201w\" sizes=\"(max-width: 428px) 85vw, 428px\" \/><\/a><\/p>\n<p><a href=\"https:\/\/www.belfers.de\/wp-content\/uploads\/2015\/01\/FullSizeRender51.jpg\"><img loading=\"lazy\" src=\"https:\/\/www.belfers.de\/wp-content\/uploads\/2015\/01\/FullSizeRender51.jpg\" alt=\"FullSizeRender(5)\" width=\"446\" height=\"640\" class=\"aligncenter size-full wp-image-3323\" srcset=\"https:\/\/www.belfers.de\/wp-content\/uploads\/2015\/01\/FullSizeRender51.jpg 446w, https:\/\/www.belfers.de\/wp-content\/uploads\/2015\/01\/FullSizeRender51-209x300.jpg 209w\" sizes=\"(max-width: 446px) 85vw, 446px\" \/><\/a><\/p>\n<p>Alle Fotorechte liegen bei den Eigent\u00fcmern von Cleo (Eden Europe vom Palais Brinn)<\/p>\n","protected":false},"excerpt":{"rendered":"<p>Ich habe mich sehr dar\u00fcber gefreut, dass einige Welpenbesitzer der E-linge vom Palais Brinn bereits Kontakt zu mir aufgenommen haben \ud83d\ude42 Sch\u00f6n, dass es mir somit erm\u00f6glicht wird, die Entwicklung von Coopers erstem Nachwuchs etwas mitzuverfolgen! Mit freundlicher Genehmigung der Besitzer darf ich hier ab und zu ein paar Fotos der Welpen ver\u00f6ffentlichen. (Selbstverst\u00e4ndlich k\u00f6nnen &hellip; <a href=\"https:\/\/www.belfers.de\/?page_id=3310\" class=\"more-link\"><span class=\"screen-reader-text\">&#8222;Neuigkeiten: E-Wurf vom Palais Brinn&#8220; <\/span>weiterlesen<\/a><\/p>\n","protected":false},"author":1,"featured_media":0,"parent":3125,"menu_order":1,"comment_status":"open","ping_status":"open","template":"","meta":[],"_links":{"self":[{"href":"https:\/\/www.belfers.de\/index.php?rest_route=\/wp\/v2\/pages\/3310"}],"collection":[{"href":"https:\/\/www.belfers.de\/index.php?rest_route=\/wp\/v2\/pages"}],"about":[{"href":"https:\/\/www.belfers.de\/index.php?rest_route=\/wp\/v2\/types\/page"}],"author":[{"embeddable":true,"href":"https:\/\/www.belfers.de\/index.php?rest_route=\/wp\/v2\/users\/1"}],"replies":[{"embeddable":true,"href":"https:\/\/www.belfers.de\/index.php?rest_route=%2Fwp%2Fv2%2Fcomments&post=3310"}],"version-history":[{"count":16,"href":"https:\/\/www.belfers.de\/index.php?rest_route=\/wp\/v2\/pages\/3310\/revisions"}],"predecessor-version":[{"id":4281,"href":"https:\/\/www.belfers.de\/index.php?rest_route=\/wp\/v2\/pages\/3310\/revisions\/4281"}],"up":[{"embeddable":true,"href":"https:\/\/www.belfers.de\/index.php?rest_route=\/wp\/v2\/pages\/3125"}],"wp:attachment":[{"href":"https:\/\/www.belfers.de\/index.php?rest_route=%2Fwp%2Fv2%2Fmedia&parent=3310"}],"curies":[{"name":"wp","href":"https:\/\/api.w.org\/{rel}","templated":true}]}}