{"id":3239,"date":"2014-12-02T16:52:59","date_gmt":"2014-12-02T15:52:59","guid":{"rendered":"http:\/\/www.belfers.de\/?page_id=3239"},"modified":"2018-06-01T09:40:17","modified_gmt":"2018-06-01T07:40:17","slug":"kurbis-mango-chutney","status":"publish","type":"page","link":"https:\/\/www.belfers.de\/?page_id=3239","title":{"rendered":"K\u00fcrbis-Mango-Chutney"},"content":{"rendered":"<p>Bilder folgen&#8230;<\/p>\n<p>Zutaten:<br \/>\n1 mittelgrosser\tK\u00fcrbis (Hokaido)<br \/>\n1 grosse\tZwiebeln<br \/>\n1\t        Mango<br \/>\n1 gro\u00dfe \tPaprikaschote, rot<br \/>\n2  \t        Tomaten<br \/>\nca. 100 g \tZucker, braun<br \/>\n1 EL \t        Senf, mittelscharf<br \/>\n200 ml \t        Balsamico, wei\u00df<br \/>\n1 Zehe \t        Knoblauch<br \/>\n3  kleine\tChilischoten, getrocknet<br \/>\n1 EL \t        Oliven\u00f6l<br \/>\n1 EL \t        Salz<br \/>\n1\/2 Liter \tWasser<\/p>\n<p>Gem\u00fcse waschen + Mango sch\u00e4len und in kleine W\u00fcrfel schneiden;<br \/>\nZwiebeln in hei\u00dfem \u00d6l glasig werden lassen und dann das restliche Gem\u00fcs\/Obst dazu geben;<br \/>\nmit Wasser und Basamico abl\u00f6schen; Zucker, Senf und Salz dazu geben;<br \/>\nLaaaange k\u00f6cheln lassen &#8211; bis der K\u00fcrbis angenehm weich ist &#8211; eventuell mehr Wasser zugeben!<\/p>\n<p>Backofen auf 120 Grad vorheizen; ein tiefes Backblech mit Wasser f\u00fcllen;<br \/>\nTwist-off-Gl\u00e4ser hei\u00df aussp\u00fchlen und das hei\u00dfe Chutney einf\u00fcllen; im Ofen im Wasserbad ca. 1 Stunde einkochen.<br \/>\nAnschlie\u00dfend \u00fcber Kopf auf einem Tuch abk\u00fchlen lassen.<\/p>\n<p>Wenn es nicht vorher leer w\u00e4re, w\u00fcrde es sich so mehrere Monate ungek\u00fchlt halten \ud83d\ude09<\/p>\n","protected":false},"excerpt":{"rendered":"<p>Bilder folgen&#8230; Zutaten: 1 mittelgrosser K\u00fcrbis (Hokaido) 1 grosse Zwiebeln 1 Mango 1 gro\u00dfe Paprikaschote, rot 2 Tomaten ca. 100 g Zucker, braun 1 EL Senf, mittelscharf 200 ml Balsamico, wei\u00df 1 Zehe Knoblauch 3 kleine Chilischoten, getrocknet 1 EL Oliven\u00f6l 1 EL Salz 1\/2 Liter Wasser Gem\u00fcse waschen + Mango sch\u00e4len und in kleine &hellip; <a href=\"https:\/\/www.belfers.de\/?page_id=3239\" class=\"more-link\"><span class=\"screen-reader-text\">&#8222;K\u00fcrbis-Mango-Chutney&#8220; <\/span>weiterlesen<\/a><\/p>\n","protected":false},"author":1,"featured_media":0,"parent":152,"menu_order":12,"comment_status":"open","ping_status":"closed","template":"","meta":[],"_links":{"self":[{"href":"https:\/\/www.belfers.de\/index.php?rest_route=\/wp\/v2\/pages\/3239"}],"collection":[{"href":"https:\/\/www.belfers.de\/index.php?rest_route=\/wp\/v2\/pages"}],"about":[{"href":"https:\/\/www.belfers.de\/index.php?rest_route=\/wp\/v2\/types\/page"}],"author":[{"embeddable":true,"href":"https:\/\/www.belfers.de\/index.php?rest_route=\/wp\/v2\/users\/1"}],"replies":[{"embeddable":true,"href":"https:\/\/www.belfers.de\/index.php?rest_route=%2Fwp%2Fv2%2Fcomments&post=3239"}],"version-history":[{"count":6,"href":"https:\/\/www.belfers.de\/index.php?rest_route=\/wp\/v2\/pages\/3239\/revisions"}],"predecessor-version":[{"id":3243,"href":"https:\/\/www.belfers.de\/index.php?rest_route=\/wp\/v2\/pages\/3239\/revisions\/3243"}],"up":[{"embeddable":true,"href":"https:\/\/www.belfers.de\/index.php?rest_route=\/wp\/v2\/pages\/152"}],"wp:attachment":[{"href":"https:\/\/www.belfers.de\/index.php?rest_route=%2Fwp%2Fv2%2Fmedia&parent=3239"}],"curies":[{"name":"wp","href":"https:\/\/api.w.org\/{rel}","templated":true}]}}