{"id":275,"date":"2013-03-25T10:30:11","date_gmt":"2013-03-25T09:30:11","guid":{"rendered":"http:\/\/bettyswelt.hostingsociety.com\/blog\/?page_id=275"},"modified":"2018-06-01T09:39:56","modified_gmt":"2018-06-01T07:39:56","slug":"der-kurzhaarcollie","status":"publish","type":"page","link":"https:\/\/www.belfers.de\/?page_id=275","title":{"rendered":"Der Kurzhaarcollie"},"content":{"rendered":"<p><a href=\"https:\/\/www.belfers.de\/wp-content\/uploads\/2013\/03\/DSC_2665_klein.jpg\"><img loading=\"lazy\" src=\"https:\/\/www.belfers.de\/wp-content\/uploads\/2013\/03\/DSC_2665_klein-300x200.jpg\" alt=\"\" title=\"DSC_2665_klein\" width=\"300\" height=\"200\" class=\"aligncenter size-medium wp-image-2206\" srcset=\"https:\/\/www.belfers.de\/wp-content\/uploads\/2013\/03\/DSC_2665_klein-300x200.jpg 300w, https:\/\/www.belfers.de\/wp-content\/uploads\/2013\/03\/DSC_2665_klein-120x80.jpg 120w, https:\/\/www.belfers.de\/wp-content\/uploads\/2013\/03\/DSC_2665_klein.jpg 640w\" sizes=\"(max-width: 300px) 85vw, 300px\" \/><\/a><br \/>\nDer Kurzhaarcollie geh\u00f6rt zur FCI-Gruppe 1:<br \/>\nH\u00fctehunde und Treibhunde (ausgenommen Schweizer Sennenhunde)<br \/>\nSektion 1: Sch\u00e4ferhunde Ohne Arbeitspr\u00fcfung<\/p>\n<p>R\u00fcden werden 56-61 cm gro\u00df und erreichen ein Gewicht von 20,5-29,5 kg;<br \/>\nH\u00fcndinnen werden 51-56 cm gro\u00df und erreichen ein Gewicht von 18-25 kg.<\/p>\n<p>F\u00fcr seine Gr\u00f6\u00dfe ist es eine gesunde und langlebige Hunderasse. Nicht selten werden Kurzhaarcollies 15 Jahre alt. Von H\u00fcftsgelenkdysplasie (HD) ist die Rasse wenig belastet.<br \/>\nAls genetische Erkrankungen seien der MDR1-Defekt (l\u00f6st eine Medikamentenunvertr\u00e4glichkeit aus) und CEA (Collie Eye Anomaly, eine Augenerkrankung, bei der der Hund eine verminderte Sehkraft bis hin zur Erblindung hat) genannt.<br \/>\nHunde, die zur Zucht zugelassen werden sollen, m\u00fcssen auf HD, MDR1 und erbliche Augenerkrankungen getestet sein.<\/p>\n<p>Der Kurzhaarcollie wird als ein Hund mit viel Intelligenz, Wachsamkeit und Aktivit\u00e4t, fr\u00f6hlich und freundlich, niemals nerv\u00f6s oder aggressiv beschrieben.<\/p>\n<p>Er stammt \u00fcrspr\u00fcnglich aus Grossbritannien; die ersten Bewertungen f\u00fcr Kurzhaarcollies gab es bereits 1870 auf Rassehundeausstellungen.<br \/>\n1961 gab es den ersten Kurzhaarcolliewurf in Deutschland. <\/p>\n<p>Es sind heute drei Farben anerkannt: Sable, Tricolor und Blue Merle; dabei sind wei\u00dfe Abzeichen erlaubt:<br \/>\nganz oder teilweise wei\u00dfe Halskrause, wei\u00dfe Brust, L\u00e4ufe und Pfoten, wei\u00dfe Rutenspitze und auf dem Vorgesicht und\/oder am Sch\u00e4del darf eine Blesse vorhanden sein. <\/p>\n<p><a href=\"https:\/\/www.belfers.de\/wp-content\/uploads\/2013\/03\/2013-10-20-11.38.40_klein.jpg\"><img loading=\"lazy\" src=\"https:\/\/www.belfers.de\/wp-content\/uploads\/2013\/03\/2013-10-20-11.38.40_klein.jpg\" alt=\"\" title=\"2013-10-20 11.38.40_klein\" width=\"640\" height=\"480\" class=\"aligncenter size-full wp-image-2205\" srcset=\"https:\/\/www.belfers.de\/wp-content\/uploads\/2013\/03\/2013-10-20-11.38.40_klein.jpg 640w, https:\/\/www.belfers.de\/wp-content\/uploads\/2013\/03\/2013-10-20-11.38.40_klein-300x225.jpg 300w, https:\/\/www.belfers.de\/wp-content\/uploads\/2013\/03\/2013-10-20-11.38.40_klein-160x120.jpg 160w\" sizes=\"(max-width: 640px) 85vw, 640px\" \/><\/a><br \/>\nlinks: R\u00fcde in dark-sable<br \/>\nmitte: 3 H\u00fcndinnen in tricolor<br \/>\nrechts: 3 R\u00fcden in blue merle<\/p>\n<p>Das Fell ist kurz (in etwa vergleichbar mit dem Stockhaar des Sch\u00e4ferhundes); das Deckhaar ist von harter Struktur mit dichter Unterwolle. Es darf nicht getrimmt oder geschnitten werden.<br \/>\nManche Kurzhaarcollies haaren zweimal im Jahr zum Fellwechsel (dann aber gewaltig), daf\u00fcr verlieren sie ansonsten eher weniger Haare; andere haaren das ganze Jahr \u00fcber mal viel mehr (Fellwechsel) mal etwas weniger (restliche Zeit).<br \/>\n&#8211; Cooper geh\u00f6rt zu letzterem; auf sein Fell angesprochen sage ich immer, <em>&#8222;nein, er haart nicht, <strong>er regnet!<\/strong>&#8222;<\/em>  \ud83d\ude09<br \/>\nDas t\u00e4gliche Staubsaugen und vorm Verlassen des Hauses die Kleidung zu entfusseln ist ein kleiner Preis f\u00fcr so einen tollen Hund!<\/p>\n<p><a href=\"https:\/\/www.belfers.de\/?page_id=267\" title=\"Wissenswertes \u00fcber Hunde\">zur\u00fcck zu <strong>Wissenswertes \u00fcber Hunde<\/strong><\/a><\/p>\n","protected":false},"excerpt":{"rendered":"<p>Der Kurzhaarcollie geh\u00f6rt zur FCI-Gruppe 1: H\u00fctehunde und Treibhunde (ausgenommen Schweizer Sennenhunde) Sektion 1: Sch\u00e4ferhunde Ohne Arbeitspr\u00fcfung R\u00fcden werden 56-61 cm gro\u00df und erreichen ein Gewicht von 20,5-29,5 kg; H\u00fcndinnen werden 51-56 cm gro\u00df und erreichen ein Gewicht von 18-25 kg. F\u00fcr seine Gr\u00f6\u00dfe ist es eine gesunde und langlebige Hunderasse. Nicht selten werden Kurzhaarcollies &hellip; <a href=\"https:\/\/www.belfers.de\/?page_id=275\" class=\"more-link\"><span class=\"screen-reader-text\">&#8222;Der Kurzhaarcollie&#8220; <\/span>weiterlesen<\/a><\/p>\n","protected":false},"author":1,"featured_media":0,"parent":267,"menu_order":1,"comment_status":"open","ping_status":"open","template":"","meta":[],"_links":{"self":[{"href":"https:\/\/www.belfers.de\/index.php?rest_route=\/wp\/v2\/pages\/275"}],"collection":[{"href":"https:\/\/www.belfers.de\/index.php?rest_route=\/wp\/v2\/pages"}],"about":[{"href":"https:\/\/www.belfers.de\/index.php?rest_route=\/wp\/v2\/types\/page"}],"author":[{"embeddable":true,"href":"https:\/\/www.belfers.de\/index.php?rest_route=\/wp\/v2\/users\/1"}],"replies":[{"embeddable":true,"href":"https:\/\/www.belfers.de\/index.php?rest_route=%2Fwp%2Fv2%2Fcomments&post=275"}],"version-history":[{"count":21,"href":"https:\/\/www.belfers.de\/index.php?rest_route=\/wp\/v2\/pages\/275\/revisions"}],"predecessor-version":[{"id":361,"href":"https:\/\/www.belfers.de\/index.php?rest_route=\/wp\/v2\/pages\/275\/revisions\/361"}],"up":[{"embeddable":true,"href":"https:\/\/www.belfers.de\/index.php?rest_route=\/wp\/v2\/pages\/267"}],"wp:attachment":[{"href":"https:\/\/www.belfers.de\/index.php?rest_route=%2Fwp%2Fv2%2Fmedia&parent=275"}],"curies":[{"name":"wp","href":"https:\/\/api.w.org\/{rel}","templated":true}]}}