{"id":271,"date":"2013-03-25T10:29:16","date_gmt":"2013-03-25T09:29:16","guid":{"rendered":"http:\/\/bettyswelt.hostingsociety.com\/blog\/?page_id=271"},"modified":"2018-06-01T09:39:56","modified_gmt":"2018-06-01T07:39:56","slug":"hund-und-kleinkind","status":"publish","type":"page","link":"https:\/\/www.belfers.de\/?page_id=271","title":{"rendered":"Hund und Kind"},"content":{"rendered":"<p>Zu Beginn sei gesagt, dass es, meiner Meinung nach, &#8222;die kinderfreundliche Hunderasse&#8220; nicht gibt!<\/p>\n<p>Der Collie wird zwar gerne als kinderfreundlich angepriesen (und das ist er oft auch), aber wie bei  jeden anderen Hund kommt es auf den Charakter und im hohen Ma\u00dfe auch auf die Aufzucht und Sozialisation an.<\/p>\n<p>Hat der Hund von Welpenbeinen an kleine Kinder kennen gelernt und keine schlechten Erfahrungen gemacht, dann wird er mit diesen quietschenden, tollpatschigen und aus Hundesicht unberechenbaren Wesen gut klar kommen, solange ein Erwachsener dabei ist, der im Zweifel die Situation regelt.<\/p>\n<p>Bei Cooper hatten wir das gro\u00dfe Gl\u00fcck, dass sich die Z\u00fcchterin bei ihm und bei seinen Geschwistern die M\u00fche gemacht hat, die Hunde ganz fr\u00fch an Kinder (und viele andere Umweltreize) zu gew\u00f6hnen.<\/p>\n<p>Bei unserem Sohn hat Cooper eine schier unersch\u00f6pfliche Frusttoleranz. Obwohl ich Hund und Kind niemals (!) alleine lassen, so konnte ich, als unser Sohn noch sehr klein war, den einen oder anderen Knuff oder unsanften Grapscher nicht verhindern. Cooper hat es alles ganz gelassen hingenommen und immer hilfesuchend zu mir geblickt &#8211; selbstverst\u00e4ndlich bin ich dann jedes Mal dazwischen gegangen und habe Cooper befreit und gelobt. Gleichzeitig habe ich versucht meinem Sohn zu erkl\u00e4ren, dass er das nicht darf. Aber bis zum Alter von ca 2 1\/2 sollte es noch einige solcher Situationen geben\u2026<\/p>\n<p>Cooper hat allerdings nie die Nerven verloren &#8211; scheinbar war er sich sicher, dass ich das schon f\u00fcr ihn regeln werde! Auch sucht er weiterhin immer wieder die N\u00e4he zu unserem Sohn. <\/p>\n<p>&#8211; Danke f\u00fcr diesen tollen Hund! &#8211; <\/p>\n<p><em>zusammen im Haus&#8230;<\/em><br \/>\n<a href=\"https:\/\/www.belfers.de\/wp-content\/uploads\/2013\/03\/AlexCooper_klein1.jpg\"><img loading=\"lazy\" src=\"https:\/\/www.belfers.de\/wp-content\/uploads\/2013\/03\/AlexCooper_klein1-300x225.jpg\" alt=\"\" title=\"Alex&amp;Cooper_klein\" width=\"300\" height=\"225\" class=\"aligncenter size-medium wp-image-828\" srcset=\"https:\/\/www.belfers.de\/wp-content\/uploads\/2013\/03\/AlexCooper_klein1-300x225.jpg 300w, https:\/\/www.belfers.de\/wp-content\/uploads\/2013\/03\/AlexCooper_klein1-160x120.jpg 160w, https:\/\/www.belfers.de\/wp-content\/uploads\/2013\/03\/AlexCooper_klein1.jpg 640w\" sizes=\"(max-width: 300px) 85vw, 300px\" \/><\/a><\/p>\n<p><em>&#8230;und zusammen im Gr\u00fcnen! &#8211; Mit viel Spass, aber immer unter Aufsicht!<\/em><br \/>\n<a href=\"https:\/\/www.belfers.de\/wp-content\/uploads\/2013\/03\/2013-06-04-11.28.30_klein1.jpg\"><img loading=\"lazy\" src=\"https:\/\/www.belfers.de\/wp-content\/uploads\/2013\/03\/2013-06-04-11.28.30_klein1.jpg\" alt=\"\" title=\"2013-06-04 11.28.30_klein\" width=\"640\" height=\"480\" class=\"aligncenter size-full wp-image-936\" srcset=\"https:\/\/www.belfers.de\/wp-content\/uploads\/2013\/03\/2013-06-04-11.28.30_klein1.jpg 640w, https:\/\/www.belfers.de\/wp-content\/uploads\/2013\/03\/2013-06-04-11.28.30_klein1-300x225.jpg 300w, https:\/\/www.belfers.de\/wp-content\/uploads\/2013\/03\/2013-06-04-11.28.30_klein1-160x120.jpg 160w\" sizes=\"(max-width: 640px) 85vw, 640px\" \/><\/a><\/p>\n<p><em>Mit den richtigen Regeln &#8211; Von Anfang an ein tolles Team!<\/em><br \/>\n<a href=\"https:\/\/www.belfers.de\/wp-content\/uploads\/2013\/03\/CooperDaniel_mini5.jpg\"><img loading=\"lazy\" src=\"https:\/\/www.belfers.de\/wp-content\/uploads\/2013\/03\/CooperDaniel_mini5.jpg\" alt=\"\" title=\"Cooper&amp;Daniel_mini\" width=\"150\" height=\"198\" class=\"aligncenter size-full wp-image-2280\" \/><\/a><\/p>\n<p>Auch an fremden Kindern ist Cooper sehr interessiert. Bei rennenden und spielenden Kindern habe ich Cooper angew\u00f6hnt, dass er zu mir zu kommen hat; das klappt auch problemlos. Wenn Kinder kommen und ihn streicheln wollen, erlaube ich das auch meistens und Cooper geniest es sichtlich.<\/p>\n<p>Solange ich dabei bin, kann ich Cooper guten Gewissens als kinderfreundlichen Hund bezeichnen. Allerdings w\u00fcrde ich ihn nie mit (eigenen oder fremden)  Kindern alleine lassen und hoffen, dass schon alles gut geht. F\u00fcr meinen Hund kann ich zwar die Hand ins Feuer legen, allerdings wohl nicht f\u00fcr die meisten Kinder! Und Cooper soll niemals lernen m\u00fcssen, dass er im Zweifel irgendwas alleine regeln muss.<\/p>\n<p><a href=\"https:\/\/www.belfers.de\/?page_id=267\" title=\"Wissenswertes \u00fcber Hunde\">zur\u00fcck zu <strong>Wissenswertes \u00fcber Hunde<\/strong><\/a><\/p>\n","protected":false},"excerpt":{"rendered":"<p>Zu Beginn sei gesagt, dass es, meiner Meinung nach, &#8222;die kinderfreundliche Hunderasse&#8220; nicht gibt! Der Collie wird zwar gerne als kinderfreundlich angepriesen (und das ist er oft auch), aber wie bei jeden anderen Hund kommt es auf den Charakter und im hohen Ma\u00dfe auch auf die Aufzucht und Sozialisation an. Hat der Hund von Welpenbeinen &hellip; <a href=\"https:\/\/www.belfers.de\/?page_id=271\" class=\"more-link\"><span class=\"screen-reader-text\">&#8222;Hund und Kind&#8220; <\/span>weiterlesen<\/a><\/p>\n","protected":false},"author":1,"featured_media":0,"parent":267,"menu_order":4,"comment_status":"open","ping_status":"closed","template":"","meta":[],"_links":{"self":[{"href":"https:\/\/www.belfers.de\/index.php?rest_route=\/wp\/v2\/pages\/271"}],"collection":[{"href":"https:\/\/www.belfers.de\/index.php?rest_route=\/wp\/v2\/pages"}],"about":[{"href":"https:\/\/www.belfers.de\/index.php?rest_route=\/wp\/v2\/types\/page"}],"author":[{"embeddable":true,"href":"https:\/\/www.belfers.de\/index.php?rest_route=\/wp\/v2\/users\/1"}],"replies":[{"embeddable":true,"href":"https:\/\/www.belfers.de\/index.php?rest_route=%2Fwp%2Fv2%2Fcomments&post=271"}],"version-history":[{"count":21,"href":"https:\/\/www.belfers.de\/index.php?rest_route=\/wp\/v2\/pages\/271\/revisions"}],"predecessor-version":[{"id":3856,"href":"https:\/\/www.belfers.de\/index.php?rest_route=\/wp\/v2\/pages\/271\/revisions\/3856"}],"up":[{"embeddable":true,"href":"https:\/\/www.belfers.de\/index.php?rest_route=\/wp\/v2\/pages\/267"}],"wp:attachment":[{"href":"https:\/\/www.belfers.de\/index.php?rest_route=%2Fwp%2Fv2%2Fmedia&parent=271"}],"curies":[{"name":"wp","href":"https:\/\/api.w.org\/{rel}","templated":true}]}}