{"id":2630,"date":"2014-05-01T23:43:59","date_gmt":"2014-05-01T21:43:59","guid":{"rendered":"http:\/\/www.belfers.de\/?page_id=2630"},"modified":"2018-06-01T09:40:17","modified_gmt":"2018-06-01T07:40:17","slug":"vegane-choco-mandel-berge","status":"publish","type":"page","link":"https:\/\/www.belfers.de\/?page_id=2630","title":{"rendered":"Vegane Choco-Mandel-Berge (Bio)"},"content":{"rendered":"<p>60g (Bio)Cornflakes<br \/>\n50g (Bio)Mandelstifte<br \/>\n200g gute (Bio)Edelbitter Schokolade (80%)<\/p>\n<p>Cornflakes in eine Plastikt\u00fcte f\u00fcllen und mit der Hand zerkleinern; Schokolade schmelzen; Cornflakes und Mandelstifte in eine Sch\u00fcssel f\u00fcllen; geschmolzene Schokolade dar\u00fcber geben und gut umr\u00fchren bis alles mit Schokolade \u00fcberzogen ist. Dann mit zwei Teel\u00f6ffeln Berge auf Backpapier setzen und im K\u00fchlschrank aush\u00e4rten lassen!<br \/>\nWundervoll Schokoladig \ud83d\ude42<\/p>\n<p>Geht nat\u00fcrlich auch mit Vollmilch und auch wei\u00dfer Schokolade, ist dann aber nicht mehr vegan!<\/p>\n<p>Mindesthaltbarkeit ??? Keine Ahnung &#8211; bei uns \u00fcberleben sie nicht lange \ud83d\ude09<\/p>\n<p>Foto folgt!<\/p>\n","protected":false},"excerpt":{"rendered":"<p>60g (Bio)Cornflakes 50g (Bio)Mandelstifte 200g gute (Bio)Edelbitter Schokolade (80%) Cornflakes in eine Plastikt\u00fcte f\u00fcllen und mit der Hand zerkleinern; Schokolade schmelzen; Cornflakes und Mandelstifte in eine Sch\u00fcssel f\u00fcllen; geschmolzene Schokolade dar\u00fcber geben und gut umr\u00fchren bis alles mit Schokolade \u00fcberzogen ist. Dann mit zwei Teel\u00f6ffeln Berge auf Backpapier setzen und im K\u00fchlschrank aush\u00e4rten lassen! Wundervoll &hellip; <a href=\"https:\/\/www.belfers.de\/?page_id=2630\" class=\"more-link\"><span class=\"screen-reader-text\">&#8222;Vegane Choco-Mandel-Berge (Bio)&#8220; <\/span>weiterlesen<\/a><\/p>\n","protected":false},"author":1,"featured_media":0,"parent":152,"menu_order":17,"comment_status":"open","ping_status":"closed","template":"","meta":[],"_links":{"self":[{"href":"https:\/\/www.belfers.de\/index.php?rest_route=\/wp\/v2\/pages\/2630"}],"collection":[{"href":"https:\/\/www.belfers.de\/index.php?rest_route=\/wp\/v2\/pages"}],"about":[{"href":"https:\/\/www.belfers.de\/index.php?rest_route=\/wp\/v2\/types\/page"}],"author":[{"embeddable":true,"href":"https:\/\/www.belfers.de\/index.php?rest_route=\/wp\/v2\/users\/1"}],"replies":[{"embeddable":true,"href":"https:\/\/www.belfers.de\/index.php?rest_route=%2Fwp%2Fv2%2Fcomments&post=2630"}],"version-history":[{"count":6,"href":"https:\/\/www.belfers.de\/index.php?rest_route=\/wp\/v2\/pages\/2630\/revisions"}],"predecessor-version":[{"id":3369,"href":"https:\/\/www.belfers.de\/index.php?rest_route=\/wp\/v2\/pages\/2630\/revisions\/3369"}],"up":[{"embeddable":true,"href":"https:\/\/www.belfers.de\/index.php?rest_route=\/wp\/v2\/pages\/152"}],"wp:attachment":[{"href":"https:\/\/www.belfers.de\/index.php?rest_route=%2Fwp%2Fv2%2Fmedia&parent=2630"}],"curies":[{"name":"wp","href":"https:\/\/api.w.org\/{rel}","templated":true}]}}