{"id":257,"date":"2013-03-25T08:22:37","date_gmt":"2013-03-25T07:22:37","guid":{"rendered":"http:\/\/bettyswelt.hostingsociety.com\/blog\/?page_id=257"},"modified":"2018-06-01T09:40:17","modified_gmt":"2018-06-01T07:40:17","slug":"unsere-familienhunde","status":"publish","type":"page","link":"https:\/\/www.belfers.de\/?page_id=257","title":{"rendered":"Familienfellnasen"},"content":{"rendered":"<p>_________________________________________<\/p>\n<p><strong>Igor vom Haus Berhart-Mader,<br \/>\nDeutscher Sch\u00e4ferhund 08.02.1976 bis 01.02.1989<\/strong><br \/>\n_________________________________________<\/p>\n<p>Igor<br \/>\n<a href=\"https:\/\/www.belfers.de\/wp-content\/uploads\/2013\/03\/Igor1.jpg\"><img loading=\"lazy\" src=\"https:\/\/www.belfers.de\/wp-content\/uploads\/2013\/03\/Igor1.jpg\" alt=\"\" title=\"Igor\" width=\"640\" height=\"473\" class=\"aligncenter size-full wp-image-1000\" srcset=\"https:\/\/www.belfers.de\/wp-content\/uploads\/2013\/03\/Igor1.jpg 640w, https:\/\/www.belfers.de\/wp-content\/uploads\/2013\/03\/Igor1-300x221.jpg 300w\" sizes=\"(max-width: 640px) 85vw, 640px\" \/><\/a><\/p>\n<p>Igor als Welpe<br \/>\n<a href=\"https:\/\/www.belfers.de\/wp-content\/uploads\/2013\/03\/Igor-als-Welpe2.jpg\"><img loading=\"lazy\" src=\"https:\/\/www.belfers.de\/wp-content\/uploads\/2013\/03\/Igor-als-Welpe2.jpg\" alt=\"\" title=\"Igor als Welpe\" width=\"560\" height=\"328\" class=\"aligncenter size-full wp-image-999\" srcset=\"https:\/\/www.belfers.de\/wp-content\/uploads\/2013\/03\/Igor-als-Welpe2.jpg 560w, https:\/\/www.belfers.de\/wp-content\/uploads\/2013\/03\/Igor-als-Welpe2-300x175.jpg 300w\" sizes=\"(max-width: 560px) 85vw, 560px\" \/><\/a><\/p>\n<p>Igor und ich 1984<br \/>\n<a href=\"https:\/\/www.belfers.de\/wp-content\/uploads\/2013\/03\/Igor-und-ich-19841.jpg\"><img loading=\"lazy\" src=\"https:\/\/www.belfers.de\/wp-content\/uploads\/2013\/03\/Igor-und-ich-19841.jpg\" alt=\"\" title=\"Igor und ich 1984\" width=\"640\" height=\"314\" class=\"aligncenter size-full wp-image-1001\" srcset=\"https:\/\/www.belfers.de\/wp-content\/uploads\/2013\/03\/Igor-und-ich-19841.jpg 640w, https:\/\/www.belfers.de\/wp-content\/uploads\/2013\/03\/Igor-und-ich-19841-300x147.jpg 300w\" sizes=\"(max-width: 640px) 85vw, 640px\" \/><\/a><\/p>\n<p>Igor und ich 1986<br \/>\n<a href=\"https:\/\/www.belfers.de\/wp-content\/uploads\/2013\/03\/Igor-und-ich-19861.jpg\"><img loading=\"lazy\" src=\"https:\/\/www.belfers.de\/wp-content\/uploads\/2013\/03\/Igor-und-ich-19861.jpg\" alt=\"\" title=\"Igor und ich 1986\" width=\"491\" height=\"807\" class=\"aligncenter size-full wp-image-1002\" srcset=\"https:\/\/www.belfers.de\/wp-content\/uploads\/2013\/03\/Igor-und-ich-19861.jpg 491w, https:\/\/www.belfers.de\/wp-content\/uploads\/2013\/03\/Igor-und-ich-19861-182x300.jpg 182w\" sizes=\"(max-width: 491px) 85vw, 491px\" \/><\/a><\/p>\n<p>_________________________________________<\/p>\n<p><strong>Calle von den Sieben Eichen,<br \/>\nMittelschnauzer, pfeffer-salz 18.10.1988 bis 27.06.2000<\/strong><br \/>\n_________________________________________<\/p>\n<p>Calle<br \/>\n<a href=\"https:\/\/www.belfers.de\/wp-content\/uploads\/2013\/03\/Calle-0011.jpg\"><img loading=\"lazy\" src=\"https:\/\/www.belfers.de\/wp-content\/uploads\/2013\/03\/Calle-0011.jpg\" alt=\"\" title=\"Calle 001\" width=\"515\" height=\"579\" class=\"aligncenter size-full wp-image-1003\" srcset=\"https:\/\/www.belfers.de\/wp-content\/uploads\/2013\/03\/Calle-0011.jpg 515w, https:\/\/www.belfers.de\/wp-content\/uploads\/2013\/03\/Calle-0011-266x300.jpg 266w\" sizes=\"(max-width: 515px) 85vw, 515px\" \/><\/a><br \/>\n____________________________________<\/p>\n<p><strong>&#8222;Juli&#8220;\/Kenya vom Graf Arco Platz,<br \/>\nRiesenschnauzer, pfeffer-salz 20.01.1988 bis 21.01.1999<\/strong><br \/>\n_________________________________________<\/p>\n<p>Calle&#038;Juli Mai 1993<br \/>\n<a href=\"https:\/\/www.belfers.de\/wp-content\/uploads\/2013\/03\/Mama-mit-JuliCalle-0011.jpg\"><img loading=\"lazy\" src=\"https:\/\/www.belfers.de\/wp-content\/uploads\/2013\/03\/Mama-mit-JuliCalle-0011.jpg\" alt=\"\" title=\"Mama mit Juli&amp;Calle 001\" width=\"640\" height=\"338\" class=\"aligncenter size-full wp-image-1004\" srcset=\"https:\/\/www.belfers.de\/wp-content\/uploads\/2013\/03\/Mama-mit-JuliCalle-0011.jpg 640w, https:\/\/www.belfers.de\/wp-content\/uploads\/2013\/03\/Mama-mit-JuliCalle-0011-300x158.jpg 300w\" sizes=\"(max-width: 640px) 85vw, 640px\" \/><\/a><br \/>\n________________________________________<\/p>\n<p><strong>Henry,<br \/>\nCollie-Sch\u00e4ferhund-Mischling 13.09.2000 bis 09.02.2002<\/strong><br \/>\n_________________________________________<\/p>\n<p>Henry&#038;Sam 2000<br \/>\n<a href=\"https:\/\/www.belfers.de\/wp-content\/uploads\/2013\/03\/SamHenry2-0011.jpg\"><img loading=\"lazy\" src=\"https:\/\/www.belfers.de\/wp-content\/uploads\/2013\/03\/SamHenry2-0011.jpg\" alt=\"\" title=\"Sam&amp;Henry2 001\" width=\"640\" height=\"458\" class=\"aligncenter size-full wp-image-1006\" srcset=\"https:\/\/www.belfers.de\/wp-content\/uploads\/2013\/03\/SamHenry2-0011.jpg 640w, https:\/\/www.belfers.de\/wp-content\/uploads\/2013\/03\/SamHenry2-0011-300x214.jpg 300w\" sizes=\"(max-width: 640px) 85vw, 640px\" \/><\/a><\/p>\n<p><a href=\"https:\/\/www.belfers.de\/wp-content\/uploads\/2013\/03\/SamHenry1-0011.jpg\"><img loading=\"lazy\" src=\"https:\/\/www.belfers.de\/wp-content\/uploads\/2013\/03\/SamHenry1-0011.jpg\" alt=\"\" title=\"Sam&amp;Henry1 001\" width=\"640\" height=\"408\" class=\"aligncenter size-full wp-image-1005\" srcset=\"https:\/\/www.belfers.de\/wp-content\/uploads\/2013\/03\/SamHenry1-0011.jpg 640w, https:\/\/www.belfers.de\/wp-content\/uploads\/2013\/03\/SamHenry1-0011-300x191.jpg 300w\" sizes=\"(max-width: 640px) 85vw, 640px\" \/><\/a><br \/>\n_________________________________________<\/p>\n<p><strong>&#8222;Sam&#8220;\/Uncle Sam vom Moisburger Berg,<br \/>\nRiesenschnauzer, pfeffer-salz 13.05.2000 bis 10.10.2012<\/strong><br \/>\n_________________________________________<\/p>\n<p>Sam 2011<br \/>\n<a href=\"https:\/\/www.belfers.de\/wp-content\/uploads\/2013\/03\/Sam_klein1.jpg\"><img loading=\"lazy\" src=\"https:\/\/www.belfers.de\/wp-content\/uploads\/2013\/03\/Sam_klein1.jpg\" alt=\"\" title=\"Sam_klein\" width=\"640\" height=\"383\" class=\"aligncenter size-full wp-image-1026\" srcset=\"https:\/\/www.belfers.de\/wp-content\/uploads\/2013\/03\/Sam_klein1.jpg 640w, https:\/\/www.belfers.de\/wp-content\/uploads\/2013\/03\/Sam_klein1-300x179.jpg 300w\" sizes=\"(max-width: 640px) 85vw, 640px\" \/><\/a><\/p>\n<p><strong><br \/>\nKatzen:<\/strong><br \/>\n<strong>Bussi<\/strong> von meiner Oma 1977 bis 1997 bei uns von 1993 bis 1997<\/p>\n<p><strong>Mohrle<\/strong> 1989 bis 2005 aus dem Tierheim bei uns von 1997 bis 2005<br \/>\n<a href=\"https:\/\/www.belfers.de\/wp-content\/uploads\/2013\/03\/Mohrle-0011.jpg\"><img loading=\"lazy\" src=\"https:\/\/www.belfers.de\/wp-content\/uploads\/2013\/03\/Mohrle-0011.jpg\" alt=\"\" title=\"Mohrle 001\" width=\"480\" height=\"631\" class=\"aligncenter size-full wp-image-1007\" srcset=\"https:\/\/www.belfers.de\/wp-content\/uploads\/2013\/03\/Mohrle-0011.jpg 480w, https:\/\/www.belfers.de\/wp-content\/uploads\/2013\/03\/Mohrle-0011-228x300.jpg 228w\" sizes=\"(max-width: 480px) 85vw, 480px\" \/><\/a><\/p>\n<p><strong>Lucy <\/strong>2005 bis 2007 bei uns, kam mit 4 Jahren; war tragend und bekam 4 Babys bei uns; ein Kater (Miggele) blieb bei meiner Mama und eine K\u00e4tzin (Cheyenne) lebt bei meiner gro\u00dfen Schwester; Lucy war eine Freig\u00e4ngerkatze und wurde leider \u00fcberfahren<br \/>\n<a href=\"https:\/\/www.belfers.de\/wp-content\/uploads\/2013\/03\/Lucy20061.jpg\"><img loading=\"lazy\" src=\"https:\/\/www.belfers.de\/wp-content\/uploads\/2013\/03\/Lucy20061.jpg\" alt=\"\" title=\"Lucy2006\" width=\"640\" height=\"437\" class=\"aligncenter size-full wp-image-1008\" srcset=\"https:\/\/www.belfers.de\/wp-content\/uploads\/2013\/03\/Lucy20061.jpg 640w, https:\/\/www.belfers.de\/wp-content\/uploads\/2013\/03\/Lucy20061-300x204.jpg 300w\" sizes=\"(max-width: 640px) 85vw, 640px\" \/><\/a><\/p>\n","protected":false},"excerpt":{"rendered":"<p>_________________________________________ Igor vom Haus Berhart-Mader, Deutscher Sch\u00e4ferhund 08.02.1976 bis 01.02.1989 _________________________________________ Igor Igor als Welpe Igor und ich 1984 Igor und ich 1986 _________________________________________ Calle von den Sieben Eichen, Mittelschnauzer, pfeffer-salz 18.10.1988 bis 27.06.2000 _________________________________________ Calle ____________________________________ &#8222;Juli&#8220;\/Kenya vom Graf Arco Platz, Riesenschnauzer, pfeffer-salz 20.01.1988 bis 21.01.1999 _________________________________________ Calle&#038;Juli Mai 1993 ________________________________________ Henry, Collie-Sch\u00e4ferhund-Mischling 13.09.2000 &hellip; <a href=\"https:\/\/www.belfers.de\/?page_id=257\" class=\"more-link\"><span class=\"screen-reader-text\">&#8222;Familienfellnasen&#8220; <\/span>weiterlesen<\/a><\/p>\n","protected":false},"author":1,"featured_media":0,"parent":236,"menu_order":2,"comment_status":"open","ping_status":"closed","template":"","meta":[],"_links":{"self":[{"href":"https:\/\/www.belfers.de\/index.php?rest_route=\/wp\/v2\/pages\/257"}],"collection":[{"href":"https:\/\/www.belfers.de\/index.php?rest_route=\/wp\/v2\/pages"}],"about":[{"href":"https:\/\/www.belfers.de\/index.php?rest_route=\/wp\/v2\/types\/page"}],"author":[{"embeddable":true,"href":"https:\/\/www.belfers.de\/index.php?rest_route=\/wp\/v2\/users\/1"}],"replies":[{"embeddable":true,"href":"https:\/\/www.belfers.de\/index.php?rest_route=%2Fwp%2Fv2%2Fcomments&post=257"}],"version-history":[{"count":39,"href":"https:\/\/www.belfers.de\/index.php?rest_route=\/wp\/v2\/pages\/257\/revisions"}],"predecessor-version":[{"id":3877,"href":"https:\/\/www.belfers.de\/index.php?rest_route=\/wp\/v2\/pages\/257\/revisions\/3877"}],"up":[{"embeddable":true,"href":"https:\/\/www.belfers.de\/index.php?rest_route=\/wp\/v2\/pages\/236"}],"wp:attachment":[{"href":"https:\/\/www.belfers.de\/index.php?rest_route=%2Fwp%2Fv2%2Fmedia&parent=257"}],"curies":[{"name":"wp","href":"https:\/\/api.w.org\/{rel}","templated":true}]}}