{"id":248,"date":"2013-03-25T07:49:03","date_gmt":"2013-03-25T06:49:03","guid":{"rendered":"http:\/\/bettyswelt.hostingsociety.com\/blog\/?page_id=248"},"modified":"2018-06-01T09:39:35","modified_gmt":"2018-06-01T07:39:35","slug":"coopers-geschichte","status":"publish","type":"page","link":"https:\/\/www.belfers.de\/?page_id=248","title":{"rendered":"Auf den Hund gekommen"},"content":{"rendered":"<p>Cooper kam mehr oder weniger \u00fcberraschend zu uns.<\/p>\n<p>Dass ein Hund hier einziehen sollte stand zwar schon fest, aber eigentlich sollte es ein Welpe sein.<br \/>\nAber nicht irgendeiner, sondern ein Kurzhaarcolliewelpe, am liebsten in blue merle und auf jeden Fall ein R\u00fcde.<br \/>\nNachdem wir hier f\u00fcr eine Woche einen Pflegehund (Mischling aus Rum\u00e4nien) hatten und das eine ziemliche Katastrophe war, wollte ich f\u00fcr mich und meine Familie keine weiteren Experimente.<\/p>\n<p>Es sollte also ein gut sozialisierter  Welpe vom verantwortungsvollen Z\u00fcchter sein.<\/p>\n<p>Die Rasse Kurzhaarcollie hatte ich durch Zufall entdeckt, da ich den (Langhaar)Collie vom Wesen her so toll fand\u2026 wenn nur das lange Fell nicht w\u00e4re\u2026<br \/>\nbeim Recherchieren fand ich heraus, dass es diese tollen Hunde auch in Kurzhaar gibt. Nur dass diese Variante kaum bekannt war, da Lassie nun mal ein langhaariger Collie war \ud83d\ude09 aber somit war der Kurzhaarcollie nie eine Modehundrasse und dementsprechend nicht so \u00fcberz\u00fcchtet. <\/p>\n<p>Wie aber leider bei  fast jeder Hunderasse, gibt\u00b4s auch beim Kurzhaarcollie ein paar Erbkrankheiten; allerdings achten die wenigen Kurzhaarcolliez\u00fcchter, die es gibt, sehr auf die Verpaarungen, sodass die meisten Hunde von diesen Krankheiten nicht mehr betroffen sind.<\/p>\n<p>Zwei Z\u00fcchterinnen hatte ich heraus gesucht und innerhalb kurzer Zeit besucht. Eine z\u00fcchtet im VDH (Verband f\u00fcr das deutsche Hundewesen) und die andere im CFAC (Club f\u00fcr Amerikanische Collies).<br \/>\nBei der Z\u00fcchterin (VDH) aus Gelsenkirchen sollte schon im Herbst\/Winter 2011 ein Wurf fallen; das war leider zu fr\u00fch f\u00fcr uns, denn da w\u00fcrden wir erst in unser neues Zuhause ziehen und wollten fr\u00fchstens im Sommer darauf einen Welpen zu uns holen.<br \/>\nAber trotzdem wurden wir dort freundlich empfangen (von Zwei- und Vierbeinern) und umfassend beraten.<br \/>\nDie Z\u00fcchterin (CFAC) f\u00fcr Lang- und Kurzhaarcollies in Niedersachsen sollte es dann werden. Der Wurf war mit zwei Kurzhaarcollies, die auch langhaarfaktoriert waren, f\u00fcr den Sommer 2012 geplant. Bei diesem Wurf sollten also sowohl Lang- als auch Kurzhaarcollies fallen.<\/p>\n<p>Im Fr\u00fchjahr 2012 wartete ich gespannt auf die Nachricht der Z\u00fcchterin aus Niedersachen, als ich pl\u00f6tzlich eine Mail von der Z\u00fcchterin aus Gelsenkirchen bekam.<br \/>\nEin \u201eWelpe\u201c aus ihrem Wurf vom September 2011 war zwar reserviert gewesen, aber die K\u00e4ufer hatten es sich dann pl\u00f6tzlich doch anders \u00fcberlegt. Der Kleine war vier Monate alt und eigentlich perfekt f\u00fcr uns, da er schon stubenrein war und auch schon ein paar Grundkommandos beherrschte.<\/p>\n<p>Aber die liebe Zeit\u2026<br \/>\nWir konnten so schnell nicht einfach mal eben nach Gelsenkirchen fahren, um uns den Kleinen anzugucken.<br \/>\nDann kam das Angebot der Z\u00fcchterin f\u00fcr ein Wochenende nach Bremen zu kommen, damit wir uns den Hund angucken konnten.<\/p>\n<p>Gesagt getan. Und Brady kam zu Besuch.<br \/>\nKeine Frage, dass ich mich sofort in diesen freundlichen, aufgeweckten Kerl verliebt habe.<br \/>\nUnd auch mein Mann, der eigentlich weniger begeistert von der Idee Hund war und sich auch \u00fcberhaupt nicht wirklich mit der Rasse und der Farbe anfreunden konnte, fand Brady toll.<br \/>\nAlso sagen wir zu.<\/p>\n<p>Aber zu meinem Entsetzen nahm die Z\u00fcchterin Brady erst mal wieder mit, damit wir noch in Ruhe dar\u00fcber nachdenken konnten!<\/p>\n<p>Es sollte noch ein paar Wochen dauern bis wir unseren Hund dann abholen konnten; am 18. M\u00e4rz 2012 war es dann soweit. Nach einem Besuch bei meinen Schwiegereltern in Ochtrup fuhren wir weiter nach Gelsenkirchen.<\/p>\n<p>Zuhause war schon alles vorbereitet.<br \/>\nWir hatten uns auch dazu entschieden dem Hund einen anderen Namen zu geben. Er sollte Cooper hei\u00dfen, da uns der Name Brady einfach nicht so gut gefiel.<\/p>\n<p>Die R\u00fcckfahrt verbrachte Cooper auf der R\u00fcckbank bei unserem Sohn und mir.<\/p>\n<p>Etwas traurig war ich zwar, dass mein erster Hund nicht als Welpe bei uns einzog, aber andererseits war es so auch besser, da ich mit unserem kleinen Sohn mit seinen 1 \u00bd Jahren auch noch ganz gut besch\u00e4ftigt war und ein Welpe zeitweise bestimmt zu kurz gekommen w\u00e4re. Au\u00dferdem wusste ich ja, dass Cooper in seinen ersten Lebensmonaten gut aufgezogen worden war und bestens sozialisiert war.<\/p>\n<p>Und als dann im Mai bei der Z\u00fcchterin in Niedersachen ein kleiner Wurf mit einem kurzhaarigen R\u00fcden in sable merle, einem langhaarigen R\u00fcden in blue merle und einer kurzhaarigen H\u00fcndin in blue merle fiel, wu\u00dfte ich, dass die Entscheidung f\u00fcr Cooper richtig gewesen war, denn er ist durch und durch mein Traumhund, sowohl was die Haarl\u00e4nge, die Farbe und das Geschlecht betrifft als auch der wundervolle Charakter.<\/p>\n<p>Endlich geh\u00f6rt ein Hund zu unserer Familie! Und dazu noch so ein toller, freundlicher Hund, der sich sofort bei jedermann ins Herz schleicht.<\/p>\n<p><a href=\"https:\/\/www.belfers.de\/wp-content\/uploads\/2013\/03\/2012-05-28-KJ-Farm09.49.59_klein1.jpg\"><img loading=\"lazy\" src=\"https:\/\/www.belfers.de\/wp-content\/uploads\/2013\/03\/2012-05-28-KJ-Farm09.49.59_klein1-300x225.jpg\" alt=\"\" title=\"2012-05-28 K&amp;J-Farm09.49.59_klein\" width=\"300\" height=\"225\" class=\"aligncenter size-medium wp-image-822\" srcset=\"https:\/\/www.belfers.de\/wp-content\/uploads\/2013\/03\/2012-05-28-KJ-Farm09.49.59_klein1-300x225.jpg 300w, https:\/\/www.belfers.de\/wp-content\/uploads\/2013\/03\/2012-05-28-KJ-Farm09.49.59_klein1-1024x768.jpg 1024w, https:\/\/www.belfers.de\/wp-content\/uploads\/2013\/03\/2012-05-28-KJ-Farm09.49.59_klein1-160x120.jpg 160w, https:\/\/www.belfers.de\/wp-content\/uploads\/2013\/03\/2012-05-28-KJ-Farm09.49.59_klein1.jpg 1280w\" sizes=\"(max-width: 300px) 85vw, 300px\" \/><\/a><\/p>\n<p><a href=\"https:\/\/www.belfers.de\/?page_id=134\" title=\"\u00dcber Kurzhaarcollie Cooper\"><br \/>\nzur\u00fcck zu <strong>\u00dcber Kurzhaarcollie Cooper<\/strong><\/a><\/p>\n","protected":false},"excerpt":{"rendered":"<p>Cooper kam mehr oder weniger \u00fcberraschend zu uns. Dass ein Hund hier einziehen sollte stand zwar schon fest, aber eigentlich sollte es ein Welpe sein. Aber nicht irgendeiner, sondern ein Kurzhaarcolliewelpe, am liebsten in blue merle und auf jeden Fall ein R\u00fcde. Nachdem wir hier f\u00fcr eine Woche einen Pflegehund (Mischling aus Rum\u00e4nien) hatten und &hellip; <a href=\"https:\/\/www.belfers.de\/?page_id=248\" class=\"more-link\"><span class=\"screen-reader-text\">&#8222;Auf den Hund gekommen&#8220; <\/span>weiterlesen<\/a><\/p>\n","protected":false},"author":1,"featured_media":0,"parent":134,"menu_order":1,"comment_status":"open","ping_status":"closed","template":"","meta":[],"_links":{"self":[{"href":"https:\/\/www.belfers.de\/index.php?rest_route=\/wp\/v2\/pages\/248"}],"collection":[{"href":"https:\/\/www.belfers.de\/index.php?rest_route=\/wp\/v2\/pages"}],"about":[{"href":"https:\/\/www.belfers.de\/index.php?rest_route=\/wp\/v2\/types\/page"}],"author":[{"embeddable":true,"href":"https:\/\/www.belfers.de\/index.php?rest_route=\/wp\/v2\/users\/1"}],"replies":[{"embeddable":true,"href":"https:\/\/www.belfers.de\/index.php?rest_route=%2Fwp%2Fv2%2Fcomments&post=248"}],"version-history":[{"count":13,"href":"https:\/\/www.belfers.de\/index.php?rest_route=\/wp\/v2\/pages\/248\/revisions"}],"predecessor-version":[{"id":3817,"href":"https:\/\/www.belfers.de\/index.php?rest_route=\/wp\/v2\/pages\/248\/revisions\/3817"}],"up":[{"embeddable":true,"href":"https:\/\/www.belfers.de\/index.php?rest_route=\/wp\/v2\/pages\/134"}],"wp:attachment":[{"href":"https:\/\/www.belfers.de\/index.php?rest_route=%2Fwp%2Fv2%2Fmedia&parent=248"}],"curies":[{"name":"wp","href":"https:\/\/api.w.org\/{rel}","templated":true}]}}