{"id":2429,"date":"2014-03-04T11:58:27","date_gmt":"2014-03-04T10:58:27","guid":{"rendered":"http:\/\/www.belfers.de\/?page_id=2429"},"modified":"2018-06-01T09:39:57","modified_gmt":"2018-06-01T07:39:57","slug":"faschingsplatte","status":"publish","type":"page","link":"https:\/\/www.belfers.de\/?page_id=2429","title":{"rendered":"Faschingsplatte"},"content":{"rendered":"<p>Hier mal eine kleine Faschingsplatte<\/p>\n<p><a href=\"https:\/\/www.belfers.de\/wp-content\/uploads\/2014\/03\/2014-03-04-06.47.53_klein1.jpg\"><img loading=\"lazy\" src=\"https:\/\/www.belfers.de\/wp-content\/uploads\/2014\/03\/2014-03-04-06.47.53_klein1-300x225.jpg\" alt=\"\" title=\"2014-03-04 06.47.53_klein\" width=\"300\" height=\"225\" class=\"aligncenter size-medium wp-image-2430\" srcset=\"https:\/\/www.belfers.de\/wp-content\/uploads\/2014\/03\/2014-03-04-06.47.53_klein1-300x225.jpg 300w, https:\/\/www.belfers.de\/wp-content\/uploads\/2014\/03\/2014-03-04-06.47.53_klein1-160x120.jpg 160w, https:\/\/www.belfers.de\/wp-content\/uploads\/2014\/03\/2014-03-04-06.47.53_klein1.jpg 640w\" sizes=\"(max-width: 300px) 85vw, 300px\" \/><\/a><\/p>\n<p>mit Eiern im Hasen- und B\u00e4rchenkost\u00fcm (funktioniert ganz einfach mit Eierformern)<br \/>\n<a href=\"https:\/\/www.belfers.de\/wp-content\/uploads\/2014\/03\/2014-03-04-06.48.24_klein1.jpg\"><img loading=\"lazy\" src=\"https:\/\/www.belfers.de\/wp-content\/uploads\/2014\/03\/2014-03-04-06.48.24_klein1-300x225.jpg\" alt=\"\" title=\"2014-03-04 06.48.24_klein\" width=\"300\" height=\"225\" class=\"aligncenter size-medium wp-image-2431\" srcset=\"https:\/\/www.belfers.de\/wp-content\/uploads\/2014\/03\/2014-03-04-06.48.24_klein1-300x225.jpg 300w, https:\/\/www.belfers.de\/wp-content\/uploads\/2014\/03\/2014-03-04-06.48.24_klein1-160x120.jpg 160w, https:\/\/www.belfers.de\/wp-content\/uploads\/2014\/03\/2014-03-04-06.48.24_klein1.jpg 640w\" sizes=\"(max-width: 300px) 85vw, 300px\" \/><\/a><\/p>\n<p>Weintrauben im Pinguinkost\u00fcm mit Frischk\u00e4sef\u00fcllung &#8211; die Anleitung gibt\u00b4s <a href=\"https:\/\/www.belfers.de\/?page_id=1970\" title=\"Pinguine f\u00fcrs Buffet\" target=\"_blank\">hier<\/a><br \/>\n<a href=\"https:\/\/www.belfers.de\/wp-content\/uploads\/2014\/03\/2014-03-04-06.48.34_klein1.jpg\"><img loading=\"lazy\" src=\"https:\/\/www.belfers.de\/wp-content\/uploads\/2014\/03\/2014-03-04-06.48.34_klein1-300x225.jpg\" alt=\"\" title=\"2014-03-04 06.48.34_klein\" width=\"300\" height=\"225\" class=\"aligncenter size-medium wp-image-2432\" srcset=\"https:\/\/www.belfers.de\/wp-content\/uploads\/2014\/03\/2014-03-04-06.48.34_klein1-300x225.jpg 300w, https:\/\/www.belfers.de\/wp-content\/uploads\/2014\/03\/2014-03-04-06.48.34_klein1-160x120.jpg 160w, https:\/\/www.belfers.de\/wp-content\/uploads\/2014\/03\/2014-03-04-06.48.34_klein1.jpg 640w\" sizes=\"(max-width: 300px) 85vw, 300px\" \/><\/a><\/p>\n<p>und als Deko noch ein paar Tomate-Mozzarella-Spie\u00dfe<br \/>\nGanz einfach&#8230; f\u00fcr 5 St\u00fcck braucht man<br \/>\n5 Mini-Mozzarella-Kugeln<br \/>\n5 kleine Cocktailtomaten<br \/>\n10 Basilikumbl\u00e4tter<br \/>\n5 Zahnstocher<\/p>\n<p>Die Mozzarellakugeln und die Cocktailtomaten halbieren und je eine halbe Kugel mit einer halben Tomate getrennt durch ein Basilikumblatt auf dem Spie\u00df schieben, noch mal wiederholen und ein Spie\u00df ist fertig \ud83d\ude42<\/p>\n","protected":false},"excerpt":{"rendered":"<p>Hier mal eine kleine Faschingsplatte mit Eiern im Hasen- und B\u00e4rchenkost\u00fcm (funktioniert ganz einfach mit Eierformern) Weintrauben im Pinguinkost\u00fcm mit Frischk\u00e4sef\u00fcllung &#8211; die Anleitung gibt\u00b4s hier und als Deko noch ein paar Tomate-Mozzarella-Spie\u00dfe Ganz einfach&#8230; f\u00fcr 5 St\u00fcck braucht man 5 Mini-Mozzarella-Kugeln 5 kleine Cocktailtomaten 10 Basilikumbl\u00e4tter 5 Zahnstocher Die Mozzarellakugeln und die Cocktailtomaten halbieren &hellip; <a href=\"https:\/\/www.belfers.de\/?page_id=2429\" class=\"more-link\"><span class=\"screen-reader-text\">&#8222;Faschingsplatte&#8220; <\/span>weiterlesen<\/a><\/p>\n","protected":false},"author":1,"featured_media":0,"parent":152,"menu_order":8,"comment_status":"open","ping_status":"closed","template":"","meta":[],"_links":{"self":[{"href":"https:\/\/www.belfers.de\/index.php?rest_route=\/wp\/v2\/pages\/2429"}],"collection":[{"href":"https:\/\/www.belfers.de\/index.php?rest_route=\/wp\/v2\/pages"}],"about":[{"href":"https:\/\/www.belfers.de\/index.php?rest_route=\/wp\/v2\/types\/page"}],"author":[{"embeddable":true,"href":"https:\/\/www.belfers.de\/index.php?rest_route=\/wp\/v2\/users\/1"}],"replies":[{"embeddable":true,"href":"https:\/\/www.belfers.de\/index.php?rest_route=%2Fwp%2Fv2%2Fcomments&post=2429"}],"version-history":[{"count":6,"href":"https:\/\/www.belfers.de\/index.php?rest_route=\/wp\/v2\/pages\/2429\/revisions"}],"predecessor-version":[{"id":3862,"href":"https:\/\/www.belfers.de\/index.php?rest_route=\/wp\/v2\/pages\/2429\/revisions\/3862"}],"up":[{"embeddable":true,"href":"https:\/\/www.belfers.de\/index.php?rest_route=\/wp\/v2\/pages\/152"}],"wp:attachment":[{"href":"https:\/\/www.belfers.de\/index.php?rest_route=%2Fwp%2Fv2%2Fmedia&parent=2429"}],"curies":[{"name":"wp","href":"https:\/\/api.w.org\/{rel}","templated":true}]}}