{"id":241,"date":"2013-03-25T07:46:56","date_gmt":"2013-03-25T06:46:56","guid":{"rendered":"http:\/\/bettyswelt.hostingsociety.com\/blog\/?page_id=241"},"modified":"2019-08-09T08:28:29","modified_gmt":"2019-08-09T06:28:29","slug":"freja-hies-mein-freches-pony","status":"publish","type":"page","link":"https:\/\/www.belfers.de\/?page_id=241","title":{"rendered":"Freja&#8230;"},"content":{"rendered":"<p>&#8230;hie\u00df mein freches Pony<\/p>\n<p><a href=\"https:\/\/www.belfers.de\/wp-content\/uploads\/2013\/03\/BettyFreja2_04.jpg\"><img loading=\"lazy\" src=\"https:\/\/www.belfers.de\/wp-content\/uploads\/2013\/03\/BettyFreja2_04.jpg\" alt=\"\" title=\"Betty&amp;Freja2_04\" width=\"409\" height=\"475\" class=\"aligncenter size-full wp-image-1012\" srcset=\"https:\/\/www.belfers.de\/wp-content\/uploads\/2013\/03\/BettyFreja2_04.jpg 409w, https:\/\/www.belfers.de\/wp-content\/uploads\/2013\/03\/BettyFreja2_04-258x300.jpg 258w\" sizes=\"(max-width: 409px) 85vw, 409px\" \/><\/a><\/p>\n<p>2001 \u2013 nachdem ich angefangen hatte zu arbeiten (und eigenes Geld verdiente), wollte ich mir nun endlich den Traum vom Reiten erf\u00fcllen.<br \/>\nNach ein paar Stunden in einer nahegelegenen Reitschule, wusste ich, dass das nichts f\u00fcr mich war, sondern ich mehr wollte als nur ein Pferd hingestellt zu bekommen und ein paar Runden nach Anweisung zu drehen!<\/p>\n<p>Also machte ich mich auf die Suche nach einem Pflegepferd, welches ich nach Herzenslust umsorgen durfte.<br \/>\nIn den Kleinanzeigen wurde ich f\u00fcndig; ein h\u00fcbscher Isl\u00e4nder lockte mich auf den Hof und ich durfte sogar Probereiten, allerdings entschied sich die Besitzerin f\u00fcr eine andere Interessentin, machte mich aber darauf aufmerksam, dass noch weitere Pferde auf dem Hof eine Reitbeteiligung suchten.<br \/>\nSo auch die Fjordpferdestute des Stallbesitzers. Ein besonders h\u00fcbsches Pony mit dem sch\u00f6nen Namen Freja\u2026<\/p>\n<p>\u2026und auch ein besonders stures Pony, wie ich feststellen musste. Die ersten paar Treffen waren mehr als ern\u00fcchternd f\u00fcr mich. Dieses Pony wollte mir einfach nicht gehorchen und als sie sich dann eines Tages beim Spaziergang los riss und sagen und schreibe zwei (!) Stunden mit mir Fangen auf offener Strasse spielte, wollte ich aufgeben!<\/p>\n<p>Ein letzter Versuch von mir, war es Unterricht bei einer anderen Reiterin am Hof zu nehmen.<br \/>\nSie brachte mir bei, wie ich das Pony mit Bodenarbeit auf mich aufmerksam machte. Ich fing an B\u00fccher \u00fcber Bodenarbeit zu w\u00e4lzen.<\/p>\n<p>Und pl\u00f6tzlich klappte es.<\/p>\n<p>Im Jahr 2003 bot mir der Stallbesitzer Freja zum Kauf an und mir fiel kein Grund zum Ablehnen an.<br \/>\nF\u00fcr einen Freundschaftspreis bekam ich mein erstes Pony.<br \/>\nEine wundervolle Zeit begann. <\/p>\n<p>Mit Freja zusammen war ich einmal im Urlaub in der L\u00fcneburger Heide. <\/p>\n<p><a href=\"https:\/\/www.belfers.de\/wp-content\/uploads\/2013\/03\/Weide2_klein.jpg\"><img loading=\"lazy\" src=\"https:\/\/www.belfers.de\/wp-content\/uploads\/2013\/03\/Weide2_klein.jpg\" alt=\"\" title=\"Weide2_klein\" width=\"640\" height=\"480\" class=\"aligncenter size-full wp-image-1067\" srcset=\"https:\/\/www.belfers.de\/wp-content\/uploads\/2013\/03\/Weide2_klein.jpg 640w, https:\/\/www.belfers.de\/wp-content\/uploads\/2013\/03\/Weide2_klein-300x225.jpg 300w, https:\/\/www.belfers.de\/wp-content\/uploads\/2013\/03\/Weide2_klein-160x120.jpg 160w\" sizes=\"(max-width: 640px) 85vw, 640px\" \/><\/a><\/p>\n<p>Und sie war auch bei meiner standesamtlichen Hochzeit dabei (Danke an meine Reitbeteiligung Janika \ud83d\ude42 )<\/p>\n<p><a href=\"https:\/\/www.belfers.de\/wp-content\/uploads\/2013\/03\/BettyFreja_klein1.jpg\"><img loading=\"lazy\" src=\"https:\/\/www.belfers.de\/wp-content\/uploads\/2013\/03\/BettyFreja_klein1.jpg\" alt=\"\" title=\"Betty&amp;Freja_klein\" width=\"430\" height=\"640\" class=\"aligncenter size-full wp-image-1014\" srcset=\"https:\/\/www.belfers.de\/wp-content\/uploads\/2013\/03\/BettyFreja_klein1.jpg 430w, https:\/\/www.belfers.de\/wp-content\/uploads\/2013\/03\/BettyFreja_klein1-201x300.jpg 201w\" sizes=\"(max-width: 430px) 85vw, 430px\" \/><\/a><\/p>\n<p>Mein kleiner Sohn ist auf ihr geritten bevor er laufen konnte.<\/p>\n<p><a href=\"https:\/\/www.belfers.de\/wp-content\/uploads\/2013\/03\/Alex-auf-Freja_klein1.jpg\"><img loading=\"lazy\" src=\"https:\/\/www.belfers.de\/wp-content\/uploads\/2013\/03\/Alex-auf-Freja_klein1.jpg\" alt=\"\" title=\"Alex auf Freja_klein\" width=\"487\" height=\"480\" class=\"aligncenter size-full wp-image-1015\" srcset=\"https:\/\/www.belfers.de\/wp-content\/uploads\/2013\/03\/Alex-auf-Freja_klein1.jpg 487w, https:\/\/www.belfers.de\/wp-content\/uploads\/2013\/03\/Alex-auf-Freja_klein1-300x295.jpg 300w\" sizes=\"(max-width: 487px) 85vw, 487px\" \/><\/a><\/p>\n<p>Freja hat eine gro\u00dfe und bedeutende Rolle in meinem Leben gespielt.<\/p>\n<p>2011 sollte unsere Zeit zu Ende gehen.<br \/>\nFreja litt nun schon seit vielen Monaten an Arthrose im Vorderbein und lahmte schlimm. Versuche mit Cortison, Schmerzmitteln und Hom\u00f6opathie brachten leider keinen Erfolg. Nach dem besonders schlimmen Winter 2010\/11 entschloss ich mich, sie nicht noch einen Winter zu qu\u00e4len.<br \/>\nWir genossen den Sommer ganz besonders und am 25. August 2011 schlief die s\u00fc\u00dfe Maus f\u00fcr immer ein. Bis zum letzen Atemzug wich ich nicht von ihrer Seite.<\/p>\n<p>Mein wundervoller \u2013kleiner, dickk\u00f6pfiger- Engel, du bist f\u00fcr immer in meinem Herzen.<br \/>\nR.I.P. Freja 1993 \u2013 25.08.2011<\/p>\n<p><a href=\"https:\/\/www.belfers.de\/wp-content\/uploads\/2013\/03\/Betty+Freja021.jpg\"><img loading=\"lazy\" src=\"https:\/\/www.belfers.de\/wp-content\/uploads\/2013\/03\/Betty+Freja021.jpg\" alt=\"\" title=\"Betty+Freja02\" width=\"560\" height=\"479\" class=\"aligncenter size-full wp-image-1017\" srcset=\"https:\/\/www.belfers.de\/wp-content\/uploads\/2013\/03\/Betty+Freja021.jpg 560w, https:\/\/www.belfers.de\/wp-content\/uploads\/2013\/03\/Betty+Freja021-300x256.jpg 300w\" sizes=\"(max-width: 560px) 85vw, 560px\" \/><\/a><\/p>\n","protected":false},"excerpt":{"rendered":"<p>&#8230;hie\u00df mein freches Pony 2001 \u2013 nachdem ich angefangen hatte zu arbeiten (und eigenes Geld verdiente), wollte ich mir nun endlich den Traum vom Reiten erf\u00fcllen. Nach ein paar Stunden in einer nahegelegenen Reitschule, wusste ich, dass das nichts f\u00fcr mich war, sondern ich mehr wollte als nur ein Pferd hingestellt zu bekommen und ein &hellip; <a href=\"https:\/\/www.belfers.de\/?page_id=241\" class=\"more-link\"><span class=\"screen-reader-text\">&#8222;Freja&#8230;&#8220; <\/span>weiterlesen<\/a><\/p>\n","protected":false},"author":1,"featured_media":0,"parent":236,"menu_order":1,"comment_status":"open","ping_status":"open","template":"","meta":[],"_links":{"self":[{"href":"https:\/\/www.belfers.de\/index.php?rest_route=\/wp\/v2\/pages\/241"}],"collection":[{"href":"https:\/\/www.belfers.de\/index.php?rest_route=\/wp\/v2\/pages"}],"about":[{"href":"https:\/\/www.belfers.de\/index.php?rest_route=\/wp\/v2\/types\/page"}],"author":[{"embeddable":true,"href":"https:\/\/www.belfers.de\/index.php?rest_route=\/wp\/v2\/users\/1"}],"replies":[{"embeddable":true,"href":"https:\/\/www.belfers.de\/index.php?rest_route=%2Fwp%2Fv2%2Fcomments&post=241"}],"version-history":[{"count":14,"href":"https:\/\/www.belfers.de\/index.php?rest_route=\/wp\/v2\/pages\/241\/revisions"}],"predecessor-version":[{"id":4441,"href":"https:\/\/www.belfers.de\/index.php?rest_route=\/wp\/v2\/pages\/241\/revisions\/4441"}],"up":[{"embeddable":true,"href":"https:\/\/www.belfers.de\/index.php?rest_route=\/wp\/v2\/pages\/236"}],"wp:attachment":[{"href":"https:\/\/www.belfers.de\/index.php?rest_route=%2Fwp%2Fv2%2Fmedia&parent=241"}],"curies":[{"name":"wp","href":"https:\/\/api.w.org\/{rel}","templated":true}]}}