{"id":23,"date":"2013-01-14T22:33:55","date_gmt":"2013-01-14T21:33:55","guid":{"rendered":"http:\/\/bettyswelt.hostingsociety.com\/blog\/?page_id=23"},"modified":"2018-06-01T09:39:35","modified_gmt":"2018-06-01T07:39:35","slug":"uber-mich","status":"publish","type":"page","link":"https:\/\/www.belfers.de\/?page_id=23","title":{"rendered":"\u00dcber mich"},"content":{"rendered":"<p>Mein Name ist Bettina.<\/p>\n<p>Ich bin in Bremen geboren und aufgewachsen und habe eine \u00e4ltere und eine j\u00fcngere Schwester.<\/p>\n<p>Die Tierliebe meiner Eltern hat schon fr\u00fch auf mich abgef\u00e4rbt und ich habe mein Leben lang immer Wellensittiche gehalten. Zweitweise auch Meerschweinchen und Nympfensittiche.<\/p>\n<p>Au\u00dferdem hatte ich 10 Jahre lang ein Fjordpferd namens Freja, die aber leider im August 2011 eingeschl\u00e4fert werden musste.<\/p>\n<p>Inzwischen lebe ich mit meinem Mann, unseren S\u00f6hnen und Kurzhaarcollie Cooper am Stadtrand von Bremen.<\/p>\n<p><a href=\"https:\/\/www.belfers.de\/wp-content\/uploads\/2013\/01\/861_klein.jpg\"><img loading=\"lazy\" src=\"https:\/\/www.belfers.de\/wp-content\/uploads\/2013\/01\/861_klein.jpg\" alt=\"861_klein\" width=\"426\" height=\"640\" class=\"aligncenter size-full wp-image-4007\" srcset=\"https:\/\/www.belfers.de\/wp-content\/uploads\/2013\/01\/861_klein.jpg 426w, https:\/\/www.belfers.de\/wp-content\/uploads\/2013\/01\/861_klein-200x300.jpg 200w\" sizes=\"(max-width: 426px) 85vw, 426px\" \/><\/a><\/p>\n","protected":false},"excerpt":{"rendered":"<p>Mein Name ist Bettina. Ich bin in Bremen geboren und aufgewachsen und habe eine \u00e4ltere und eine j\u00fcngere Schwester. Die Tierliebe meiner Eltern hat schon fr\u00fch auf mich abgef\u00e4rbt und ich habe mein Leben lang immer Wellensittiche gehalten. Zweitweise auch Meerschweinchen und Nympfensittiche. Au\u00dferdem hatte ich 10 Jahre lang ein Fjordpferd namens Freja, die aber &hellip; <a href=\"https:\/\/www.belfers.de\/?page_id=23\" class=\"more-link\"><span class=\"screen-reader-text\">&#8222;\u00dcber mich&#8220; <\/span>weiterlesen<\/a><\/p>\n","protected":false},"author":1,"featured_media":0,"parent":0,"menu_order":1,"comment_status":"open","ping_status":"closed","template":"","meta":[],"_links":{"self":[{"href":"https:\/\/www.belfers.de\/index.php?rest_route=\/wp\/v2\/pages\/23"}],"collection":[{"href":"https:\/\/www.belfers.de\/index.php?rest_route=\/wp\/v2\/pages"}],"about":[{"href":"https:\/\/www.belfers.de\/index.php?rest_route=\/wp\/v2\/types\/page"}],"author":[{"embeddable":true,"href":"https:\/\/www.belfers.de\/index.php?rest_route=\/wp\/v2\/users\/1"}],"replies":[{"embeddable":true,"href":"https:\/\/www.belfers.de\/index.php?rest_route=%2Fwp%2Fv2%2Fcomments&post=23"}],"version-history":[{"count":14,"href":"https:\/\/www.belfers.de\/index.php?rest_route=\/wp\/v2\/pages\/23\/revisions"}],"predecessor-version":[{"id":4008,"href":"https:\/\/www.belfers.de\/index.php?rest_route=\/wp\/v2\/pages\/23\/revisions\/4008"}],"wp:attachment":[{"href":"https:\/\/www.belfers.de\/index.php?rest_route=%2Fwp%2Fv2%2Fmedia&parent=23"}],"curies":[{"name":"wp","href":"https:\/\/api.w.org\/{rel}","templated":true}]}}