{"id":1970,"date":"2013-10-21T09:16:50","date_gmt":"2013-10-21T07:16:50","guid":{"rendered":"http:\/\/www.belfers.de\/?page_id=1970"},"modified":"2018-06-01T09:39:57","modified_gmt":"2018-06-01T07:39:57","slug":"pinguine-furs-buffet","status":"publish","type":"page","link":"https:\/\/www.belfers.de\/?page_id=1970","title":{"rendered":"&#8222;Pinguine&#8220; f\u00fcr\u00b4s Buffet"},"content":{"rendered":"<p>Hier eine nette Kleinigkeit, die sich wunderbar auf jeder Party f\u00fcr\u00b4s Buffet eignet.<br \/>\nKleine Pinguine aus roten Weintrauben, M\u00f6hre und Frischk\u00e4se.<\/p>\n<p><a href=\"https:\/\/www.belfers.de\/wp-content\/uploads\/2013\/10\/2013-10-20-08.44.54_klein.jpg\"><img loading=\"lazy\" src=\"https:\/\/www.belfers.de\/wp-content\/uploads\/2013\/10\/2013-10-20-08.44.54_klein-300x225.jpg\" alt=\"\" title=\"2013-10-20 08.44.54_klein\" width=\"300\" height=\"225\" class=\"aligncenter size-medium wp-image-1971\" srcset=\"https:\/\/www.belfers.de\/wp-content\/uploads\/2013\/10\/2013-10-20-08.44.54_klein-300x225.jpg 300w, https:\/\/www.belfers.de\/wp-content\/uploads\/2013\/10\/2013-10-20-08.44.54_klein-160x120.jpg 160w, https:\/\/www.belfers.de\/wp-content\/uploads\/2013\/10\/2013-10-20-08.44.54_klein.jpg 640w\" sizes=\"(max-width: 300px) 85vw, 300px\" \/><\/a><\/p>\n<p>F\u00fcr 10 St\u00fcck braucht man:<br \/>\n10 gro\u00dfe rote Weintrauben<br \/>\n10 kleine rote Weintrauben<br \/>\neine dicke M\u00f6hre<br \/>\netwas Frischk\u00e4se<br \/>\n10 Zahnstocher<\/p>\n<p><a href=\"https:\/\/www.belfers.de\/wp-content\/uploads\/2013\/10\/2013-10-20-08.45.40_klein.jpg\"><img loading=\"lazy\" src=\"https:\/\/www.belfers.de\/wp-content\/uploads\/2013\/10\/2013-10-20-08.45.40_klein-225x300.jpg\" alt=\"\" title=\"2013-10-20 08.45.40_klein\" width=\"225\" height=\"300\" class=\"aligncenter size-medium wp-image-1972\" srcset=\"https:\/\/www.belfers.de\/wp-content\/uploads\/2013\/10\/2013-10-20-08.45.40_klein-225x300.jpg 225w, https:\/\/www.belfers.de\/wp-content\/uploads\/2013\/10\/2013-10-20-08.45.40_klein.jpg 480w\" sizes=\"(max-width: 225px) 85vw, 225px\" \/><\/a><\/p>\n<p>Das Obst und Gem\u00fcse waschen und die M\u00f6hre sch\u00e4len. Die M\u00f6hre in 10 mitteldicke Scheiben schneiden, ein kleines Dreieck aus jeder Scheibe schneiden und aufbewahren &#8211; daraus wird dann der Schnabel gemacht.<br \/>\nAus den gro\u00dfen Weintrauben 1\/4 der L\u00e4ngsseite rausschneiden, dabei kann man bei Bedarf die Kerne entfernen. Die L\u00fccke mit Frischk\u00e4se f\u00fcllen. In die kleinen Weintrauben mittig mit einem scharfen Messer einen Schlitz ritzen und das M\u00f6hrendreieck bei Bedarf noch etwas zurechtschneiden, damit es passt.<br \/>\nIn die M\u00f6hrenscheibe mittig einen Zahnstocher setzen. Die mit Frischk\u00e4se gef\u00fcllte Weintraube auf den Zahnstocker schieben und oben drauf die kleine Weintraube mit Schnabel. Ein kleines St\u00fcck vom Zahnstocher sollte oben rausgucken, damit die G\u00e4ste den Pinguin anfassen k\u00f6nnen.<\/p>\n","protected":false},"excerpt":{"rendered":"<p>Hier eine nette Kleinigkeit, die sich wunderbar auf jeder Party f\u00fcr\u00b4s Buffet eignet. Kleine Pinguine aus roten Weintrauben, M\u00f6hre und Frischk\u00e4se. F\u00fcr 10 St\u00fcck braucht man: 10 gro\u00dfe rote Weintrauben 10 kleine rote Weintrauben eine dicke M\u00f6hre etwas Frischk\u00e4se 10 Zahnstocher Das Obst und Gem\u00fcse waschen und die M\u00f6hre sch\u00e4len. Die M\u00f6hre in 10 mitteldicke &hellip; <a href=\"https:\/\/www.belfers.de\/?page_id=1970\" class=\"more-link\"><span class=\"screen-reader-text\">&#8222;&#8222;Pinguine&#8220; f\u00fcr\u00b4s Buffet&#8220; <\/span>weiterlesen<\/a><\/p>\n","protected":false},"author":1,"featured_media":0,"parent":152,"menu_order":10,"comment_status":"open","ping_status":"closed","template":"","meta":[],"_links":{"self":[{"href":"https:\/\/www.belfers.de\/index.php?rest_route=\/wp\/v2\/pages\/1970"}],"collection":[{"href":"https:\/\/www.belfers.de\/index.php?rest_route=\/wp\/v2\/pages"}],"about":[{"href":"https:\/\/www.belfers.de\/index.php?rest_route=\/wp\/v2\/types\/page"}],"author":[{"embeddable":true,"href":"https:\/\/www.belfers.de\/index.php?rest_route=\/wp\/v2\/users\/1"}],"replies":[{"embeddable":true,"href":"https:\/\/www.belfers.de\/index.php?rest_route=%2Fwp%2Fv2%2Fcomments&post=1970"}],"version-history":[{"count":7,"href":"https:\/\/www.belfers.de\/index.php?rest_route=\/wp\/v2\/pages\/1970\/revisions"}],"predecessor-version":[{"id":2439,"href":"https:\/\/www.belfers.de\/index.php?rest_route=\/wp\/v2\/pages\/1970\/revisions\/2439"}],"up":[{"embeddable":true,"href":"https:\/\/www.belfers.de\/index.php?rest_route=\/wp\/v2\/pages\/152"}],"wp:attachment":[{"href":"https:\/\/www.belfers.de\/index.php?rest_route=%2Fwp%2Fv2%2Fmedia&parent=1970"}],"curies":[{"name":"wp","href":"https:\/\/api.w.org\/{rel}","templated":true}]}}