{"id":177,"date":"2013-03-24T10:15:32","date_gmt":"2013-03-24T09:15:32","guid":{"rendered":"http:\/\/bettyswelt.hostingsociety.com\/blog\/?page_id=177"},"modified":"2018-06-01T09:39:57","modified_gmt":"2018-06-01T07:39:57","slug":"philadelphia-creme","status":"publish","type":"page","link":"https:\/\/www.belfers.de\/?page_id=177","title":{"rendered":"Philadelphia-Butter"},"content":{"rendered":"<p>Zutaten:<br \/>\n500g Frischk\u00e4se Doppelrahmstufe<br \/>\n250g weiche Butter<br \/>\neine kleine rote Zwiebel<br \/>\nSalz<br \/>\nPfeffer<br \/>\nSchnittlauch<br \/>\nPetersilie<\/p>\n<p>Frischk\u00e4se mit Butter, Salz, Pfeffer und den Kr\u00e4utern verr\u00fchren.<br \/>\nDie Zwiebel sch\u00e4len und in ganz kleine W\u00fcrfel schneiden; zu den restlichen Zutaten geben und verr\u00fchren.<br \/>\nAbschmecken.<\/p>\n<p>Fertig ist der leckere Brotaufstrich!<\/p>\n","protected":false},"excerpt":{"rendered":"<p>Zutaten: 500g Frischk\u00e4se Doppelrahmstufe 250g weiche Butter eine kleine rote Zwiebel Salz Pfeffer Schnittlauch Petersilie Frischk\u00e4se mit Butter, Salz, Pfeffer und den Kr\u00e4utern verr\u00fchren. Die Zwiebel sch\u00e4len und in ganz kleine W\u00fcrfel schneiden; zu den restlichen Zutaten geben und verr\u00fchren. Abschmecken. Fertig ist der leckere Brotaufstrich!<\/p>\n","protected":false},"author":1,"featured_media":0,"parent":152,"menu_order":7,"comment_status":"open","ping_status":"closed","template":"","meta":[],"_links":{"self":[{"href":"https:\/\/www.belfers.de\/index.php?rest_route=\/wp\/v2\/pages\/177"}],"collection":[{"href":"https:\/\/www.belfers.de\/index.php?rest_route=\/wp\/v2\/pages"}],"about":[{"href":"https:\/\/www.belfers.de\/index.php?rest_route=\/wp\/v2\/types\/page"}],"author":[{"embeddable":true,"href":"https:\/\/www.belfers.de\/index.php?rest_route=\/wp\/v2\/users\/1"}],"replies":[{"embeddable":true,"href":"https:\/\/www.belfers.de\/index.php?rest_route=%2Fwp%2Fv2%2Fcomments&post=177"}],"version-history":[{"count":11,"href":"https:\/\/www.belfers.de\/index.php?rest_route=\/wp\/v2\/pages\/177\/revisions"}],"predecessor-version":[{"id":3380,"href":"https:\/\/www.belfers.de\/index.php?rest_route=\/wp\/v2\/pages\/177\/revisions\/3380"}],"up":[{"embeddable":true,"href":"https:\/\/www.belfers.de\/index.php?rest_route=\/wp\/v2\/pages\/152"}],"wp:attachment":[{"href":"https:\/\/www.belfers.de\/index.php?rest_route=%2Fwp%2Fv2%2Fmedia&parent=177"}],"curies":[{"name":"wp","href":"https:\/\/api.w.org\/{rel}","templated":true}]}}