{"id":173,"date":"2013-03-24T10:10:07","date_gmt":"2013-03-24T09:10:07","guid":{"rendered":"http:\/\/bettyswelt.hostingsociety.com\/blog\/?page_id=173"},"modified":"2018-06-01T09:39:57","modified_gmt":"2018-06-01T07:39:57","slug":"wellness-creme","status":"publish","type":"page","link":"https:\/\/www.belfers.de\/?page_id=173","title":{"rendered":"Wellness-Creme"},"content":{"rendered":"<p>Zutaten:<br \/>\n500g Frischk\u00e4se Doppelrahmstufe<br \/>\n1 rote Paprika<br \/>\nSalz<br \/>\nPfeffer<br \/>\nSchnittlauch<br \/>\nPetersilie<\/p>\n<p>Frischk\u00e4se mit Salz, Pfeffer und den Kr\u00e4utern verr\u00fchren.<br \/>\nDie Paprika waschen, halbieren, entkernen und in ganz kleine W\u00fcrfel schneiden.<br \/>\nZu den anderen Zutaten geben und verr\u00fchren.<br \/>\nAbschmecken. <\/p>\n<p>Fertig ist der leckere Brotaufstrich!<\/p>\n","protected":false},"excerpt":{"rendered":"<p>Zutaten: 500g Frischk\u00e4se Doppelrahmstufe 1 rote Paprika Salz Pfeffer Schnittlauch Petersilie Frischk\u00e4se mit Salz, Pfeffer und den Kr\u00e4utern verr\u00fchren. Die Paprika waschen, halbieren, entkernen und in ganz kleine W\u00fcrfel schneiden. Zu den anderen Zutaten geben und verr\u00fchren. Abschmecken. Fertig ist der leckere Brotaufstrich!<\/p>\n","protected":false},"author":1,"featured_media":0,"parent":152,"menu_order":6,"comment_status":"open","ping_status":"closed","template":"","meta":[],"_links":{"self":[{"href":"https:\/\/www.belfers.de\/index.php?rest_route=\/wp\/v2\/pages\/173"}],"collection":[{"href":"https:\/\/www.belfers.de\/index.php?rest_route=\/wp\/v2\/pages"}],"about":[{"href":"https:\/\/www.belfers.de\/index.php?rest_route=\/wp\/v2\/types\/page"}],"author":[{"embeddable":true,"href":"https:\/\/www.belfers.de\/index.php?rest_route=\/wp\/v2\/users\/1"}],"replies":[{"embeddable":true,"href":"https:\/\/www.belfers.de\/index.php?rest_route=%2Fwp%2Fv2%2Fcomments&post=173"}],"version-history":[{"count":5,"href":"https:\/\/www.belfers.de\/index.php?rest_route=\/wp\/v2\/pages\/173\/revisions"}],"predecessor-version":[{"id":307,"href":"https:\/\/www.belfers.de\/index.php?rest_route=\/wp\/v2\/pages\/173\/revisions\/307"}],"up":[{"embeddable":true,"href":"https:\/\/www.belfers.de\/index.php?rest_route=\/wp\/v2\/pages\/152"}],"wp:attachment":[{"href":"https:\/\/www.belfers.de\/index.php?rest_route=%2Fwp%2Fv2%2Fmedia&parent=173"}],"curies":[{"name":"wp","href":"https:\/\/api.w.org\/{rel}","templated":true}]}}