{"id":162,"date":"2013-03-24T10:05:54","date_gmt":"2013-03-24T09:05:54","guid":{"rendered":"http:\/\/bettyswelt.hostingsociety.com\/blog\/?page_id=162"},"modified":"2018-06-01T09:40:17","modified_gmt":"2018-06-01T07:40:17","slug":"bettys-apfelkuchen","status":"publish","type":"page","link":"https:\/\/www.belfers.de\/?page_id=162","title":{"rendered":"Bettys Apfelkuchen"},"content":{"rendered":"<p><strong>F\u00fcr zwei Bleche<\/strong><\/p>\n<p><strong>F\u00fcr den Teig:<\/strong><br \/>\n<em>250g weiche Butter<br \/>\n180g Zucker<br \/>\n1 P\u00e4ckchen Vanillezucker<br \/>\n5 Eier<br \/>\n500g Mehl<br \/>\n1 P\u00e4ckchen Backpulver<br \/>\nca. 650 ml Milch<\/em><\/p>\n<p>Alle Zutaten bis auf die Milch in eine gro\u00dfe Sch\u00fcssel geben und verr\u00fchren, dabei langsam die Milch zu geben, bis ein dickfl\u00fcssiger Teig entstanden ist.<\/p>\n<p>Teig auf zwei Bleche verteilen.<\/p>\n<p><em>ca. 2 kg \u00c4pfel<\/em> waschen, sch\u00e4len und in Schnitze schneiden und auf dem Teig verteilen.<\/p>\n<p><em>Zimt und Zucker<\/em> in einem Sch\u00fcsselchen mischen und nach Belieben auf den Apfelschnitzen verteilen.<\/p>\n<p><strong>F\u00fcr den Streusel:<\/strong><br \/>\n<em>185g weiche Butter<br \/>\n185g Zucker<br \/>\n300g Mehl<\/em><\/p>\n<p>Alle Zutaten in einer Sch\u00fcssel verkneten bis kleine Flocken entstehen. Diese auf die Apfelschnitze geben.<\/p>\n<p>Ca. 45 Min bei 180 Grad in den Ofen;<br \/>\n\u00f6fters mal nachgucken, wenn der Streusel braun wird, ist\u00b4s fertig \ud83d\ude42<\/p>\n","protected":false},"excerpt":{"rendered":"<p>F\u00fcr zwei Bleche F\u00fcr den Teig: 250g weiche Butter 180g Zucker 1 P\u00e4ckchen Vanillezucker 5 Eier 500g Mehl 1 P\u00e4ckchen Backpulver ca. 650 ml Milch Alle Zutaten bis auf die Milch in eine gro\u00dfe Sch\u00fcssel geben und verr\u00fchren, dabei langsam die Milch zu geben, bis ein dickfl\u00fcssiger Teig entstanden ist. Teig auf zwei Bleche verteilen. &hellip; <a href=\"https:\/\/www.belfers.de\/?page_id=162\" class=\"more-link\"><span class=\"screen-reader-text\">&#8222;Bettys Apfelkuchen&#8220; <\/span>weiterlesen<\/a><\/p>\n","protected":false},"author":1,"featured_media":0,"parent":152,"menu_order":13,"comment_status":"open","ping_status":"closed","template":"","meta":[],"_links":{"self":[{"href":"https:\/\/www.belfers.de\/index.php?rest_route=\/wp\/v2\/pages\/162"}],"collection":[{"href":"https:\/\/www.belfers.de\/index.php?rest_route=\/wp\/v2\/pages"}],"about":[{"href":"https:\/\/www.belfers.de\/index.php?rest_route=\/wp\/v2\/types\/page"}],"author":[{"embeddable":true,"href":"https:\/\/www.belfers.de\/index.php?rest_route=\/wp\/v2\/users\/1"}],"replies":[{"embeddable":true,"href":"https:\/\/www.belfers.de\/index.php?rest_route=%2Fwp%2Fv2%2Fcomments&post=162"}],"version-history":[{"count":9,"href":"https:\/\/www.belfers.de\/index.php?rest_route=\/wp\/v2\/pages\/162\/revisions"}],"predecessor-version":[{"id":368,"href":"https:\/\/www.belfers.de\/index.php?rest_route=\/wp\/v2\/pages\/162\/revisions\/368"}],"up":[{"embeddable":true,"href":"https:\/\/www.belfers.de\/index.php?rest_route=\/wp\/v2\/pages\/152"}],"wp:attachment":[{"href":"https:\/\/www.belfers.de\/index.php?rest_route=%2Fwp%2Fv2%2Fmedia&parent=162"}],"curies":[{"name":"wp","href":"https:\/\/api.w.org\/{rel}","templated":true}]}}