{"id":1461,"date":"2013-09-03T14:18:43","date_gmt":"2013-09-03T12:18:43","guid":{"rendered":"http:\/\/www.belfers.de\/?page_id=1461"},"modified":"2018-06-01T09:39:57","modified_gmt":"2018-06-01T07:39:57","slug":"zwiebel-speck-schnecken","status":"publish","type":"page","link":"https:\/\/www.belfers.de\/?page_id=1461","title":{"rendered":"Zwiebel-Speck-Schnecken"},"content":{"rendered":"<p>1 Packung Bl\u00e4tterteig (K\u00fchlung)<br \/>\n1\/2 Becher Schmand<br \/>\n125g Speck<br \/>\n1 kleine Zwiebel<br \/>\netwas geriebenen Gouda<br \/>\nPfeffer<\/p>\n<p>Zwiebel in kleine W\u00fcrfel schneiden; Bl\u00e4tterteig ausrollen, mit Schmand bestreichen und mit Pfeffer w\u00fcrzen; dann mit Speck und Zwiebeln belegen und von der breiten Seite her fest aufrollen, die Rolle in fingerdicke Scheiben schneiden und auf ein Backpapier legen, mit Gouda bestreuen und bei Umluft 180Grad in den vorgeheizten Backofen ca 20 Minuten lang backen.<\/p>\n<p>Ergibt ca 20 St\u00fcck.<\/p>\n<p><a href=\"https:\/\/www.belfers.de\/wp-content\/uploads\/2013\/09\/2013-09-03-12.17.56_klein.jpg\"><img loading=\"lazy\" src=\"https:\/\/www.belfers.de\/wp-content\/uploads\/2013\/09\/2013-09-03-12.17.56_klein-150x150.jpg\" alt=\"\" title=\"2013-09-03 12.17.56_klein\" width=\"150\" height=\"150\" class=\"aligncenter size-thumbnail wp-image-1462\" \/><\/a><\/p>\n<p><a href=\"https:\/\/www.belfers.de\/wp-content\/uploads\/2013\/09\/2013-09-03-13.17.32_klein.jpg\"><img loading=\"lazy\" src=\"https:\/\/www.belfers.de\/wp-content\/uploads\/2013\/09\/2013-09-03-13.17.32_klein-150x150.jpg\" alt=\"\" title=\"2013-09-03 13.17.32_klein\" width=\"150\" height=\"150\" class=\"aligncenter size-thumbnail wp-image-1463\" \/><\/a><\/p>\n<p><a href=\"https:\/\/www.belfers.de\/wp-content\/uploads\/2013\/09\/2013-09-03-13.18.22_klein.jpg\"><img loading=\"lazy\" src=\"https:\/\/www.belfers.de\/wp-content\/uploads\/2013\/09\/2013-09-03-13.18.22_klein-150x150.jpg\" alt=\"\" title=\"2013-09-03 13.18.22_klein\" width=\"150\" height=\"150\" class=\"aligncenter size-thumbnail wp-image-1464\" \/><\/a><\/p>\n","protected":false},"excerpt":{"rendered":"<p>1 Packung Bl\u00e4tterteig (K\u00fchlung) 1\/2 Becher Schmand 125g Speck 1 kleine Zwiebel etwas geriebenen Gouda Pfeffer Zwiebel in kleine W\u00fcrfel schneiden; Bl\u00e4tterteig ausrollen, mit Schmand bestreichen und mit Pfeffer w\u00fcrzen; dann mit Speck und Zwiebeln belegen und von der breiten Seite her fest aufrollen, die Rolle in fingerdicke Scheiben schneiden und auf ein Backpapier legen, &hellip; <a href=\"https:\/\/www.belfers.de\/?page_id=1461\" class=\"more-link\"><span class=\"screen-reader-text\">&#8222;Zwiebel-Speck-Schnecken&#8220; <\/span>weiterlesen<\/a><\/p>\n","protected":false},"author":1,"featured_media":0,"parent":152,"menu_order":5,"comment_status":"open","ping_status":"closed","template":"","meta":[],"_links":{"self":[{"href":"https:\/\/www.belfers.de\/index.php?rest_route=\/wp\/v2\/pages\/1461"}],"collection":[{"href":"https:\/\/www.belfers.de\/index.php?rest_route=\/wp\/v2\/pages"}],"about":[{"href":"https:\/\/www.belfers.de\/index.php?rest_route=\/wp\/v2\/types\/page"}],"author":[{"embeddable":true,"href":"https:\/\/www.belfers.de\/index.php?rest_route=\/wp\/v2\/users\/1"}],"replies":[{"embeddable":true,"href":"https:\/\/www.belfers.de\/index.php?rest_route=%2Fwp%2Fv2%2Fcomments&post=1461"}],"version-history":[{"count":6,"href":"https:\/\/www.belfers.de\/index.php?rest_route=\/wp\/v2\/pages\/1461\/revisions"}],"predecessor-version":[{"id":1469,"href":"https:\/\/www.belfers.de\/index.php?rest_route=\/wp\/v2\/pages\/1461\/revisions\/1469"}],"up":[{"embeddable":true,"href":"https:\/\/www.belfers.de\/index.php?rest_route=\/wp\/v2\/pages\/152"}],"wp:attachment":[{"href":"https:\/\/www.belfers.de\/index.php?rest_route=%2Fwp%2Fv2%2Fmedia&parent=1461"}],"curies":[{"name":"wp","href":"https:\/\/api.w.org\/{rel}","templated":true}]}}