{"id":1452,"date":"2013-09-03T14:13:22","date_gmt":"2013-09-03T12:13:22","guid":{"rendered":"http:\/\/www.belfers.de\/?page_id=1452"},"modified":"2018-06-01T09:40:17","modified_gmt":"2018-06-01T07:40:17","slug":"bananen-haferflocken-muffins","status":"publish","type":"page","link":"https:\/\/www.belfers.de\/?page_id=1452","title":{"rendered":"Bananen-Haferflocken-Muffins"},"content":{"rendered":"<p>3 gro\u00dfe, reife Bananen<br \/>\n1 Tasse Vanille Milch<br \/>\n2 Eier<br \/>\n1\/2 P\u00e4ckchen Backpulver<br \/>\n3 Tassen Haferflocken<br \/>\n1 TL Vanillezucker<br \/>\n1 P\u00e4ckchen Schokotropfen (75g)<\/p>\n<p>Tasse= eine normale Kaffeetasse<\/p>\n<p>Alle Zutaten -au\u00dfer die Schokotropfen- gut mixen; dann die Schokotropfen unterheben. Den Teig in Muffinf\u00f6rmchen f\u00fcllen und bei 200 Grad ca 30 Minuten backen (wenn sie leicht braun werden sind sie fertig).<\/p>\n<p>Im Inneren bleiben sie sch\u00f6n saftig durch die Bananen \ud83d\ude42<\/p>\n<p><a href=\"https:\/\/www.belfers.de\/wp-content\/uploads\/2013\/09\/2013-09-02-07.19.37_klein.jpg\"><img loading=\"lazy\" src=\"https:\/\/www.belfers.de\/wp-content\/uploads\/2013\/09\/2013-09-02-07.19.37_klein-150x150.jpg\" alt=\"\" title=\"2013-09-02 07.19.37_klein\" width=\"150\" height=\"150\" class=\"aligncenter size-thumbnail wp-image-1470\" \/><\/a><\/p>\n","protected":false},"excerpt":{"rendered":"<p>3 gro\u00dfe, reife Bananen 1 Tasse Vanille Milch 2 Eier 1\/2 P\u00e4ckchen Backpulver 3 Tassen Haferflocken 1 TL Vanillezucker 1 P\u00e4ckchen Schokotropfen (75g) Tasse= eine normale Kaffeetasse Alle Zutaten -au\u00dfer die Schokotropfen- gut mixen; dann die Schokotropfen unterheben. Den Teig in Muffinf\u00f6rmchen f\u00fcllen und bei 200 Grad ca 30 Minuten backen (wenn sie leicht braun &hellip; <a href=\"https:\/\/www.belfers.de\/?page_id=1452\" class=\"more-link\"><span class=\"screen-reader-text\">&#8222;Bananen-Haferflocken-Muffins&#8220; <\/span>weiterlesen<\/a><\/p>\n","protected":false},"author":1,"featured_media":0,"parent":152,"menu_order":16,"comment_status":"open","ping_status":"closed","template":"","meta":[],"_links":{"self":[{"href":"https:\/\/www.belfers.de\/index.php?rest_route=\/wp\/v2\/pages\/1452"}],"collection":[{"href":"https:\/\/www.belfers.de\/index.php?rest_route=\/wp\/v2\/pages"}],"about":[{"href":"https:\/\/www.belfers.de\/index.php?rest_route=\/wp\/v2\/types\/page"}],"author":[{"embeddable":true,"href":"https:\/\/www.belfers.de\/index.php?rest_route=\/wp\/v2\/users\/1"}],"replies":[{"embeddable":true,"href":"https:\/\/www.belfers.de\/index.php?rest_route=%2Fwp%2Fv2%2Fcomments&post=1452"}],"version-history":[{"count":12,"href":"https:\/\/www.belfers.de\/index.php?rest_route=\/wp\/v2\/pages\/1452\/revisions"}],"predecessor-version":[{"id":3869,"href":"https:\/\/www.belfers.de\/index.php?rest_route=\/wp\/v2\/pages\/1452\/revisions\/3869"}],"up":[{"embeddable":true,"href":"https:\/\/www.belfers.de\/index.php?rest_route=\/wp\/v2\/pages\/152"}],"wp:attachment":[{"href":"https:\/\/www.belfers.de\/index.php?rest_route=%2Fwp%2Fv2%2Fmedia&parent=1452"}],"curies":[{"name":"wp","href":"https:\/\/api.w.org\/{rel}","templated":true}]}}