{"id":134,"date":"2013-03-24T15:14:27","date_gmt":"2013-03-24T14:14:27","guid":{"rendered":"http:\/\/bettyswelt.hostingsociety.com\/blog\/?page_id=134"},"modified":"2018-06-01T09:39:35","modified_gmt":"2018-06-01T07:39:35","slug":"uber-cooper","status":"publish","type":"page","link":"https:\/\/www.belfers.de\/?page_id=134","title":{"rendered":"\u00dcber Kurzhaarcollie Cooper"},"content":{"rendered":"<p><a href=\"https:\/\/www.belfers.de\/wp-content\/uploads\/2013\/03\/Standbild_Cooper_klein.jpg\"><img loading=\"lazy\" src=\"https:\/\/www.belfers.de\/wp-content\/uploads\/2013\/03\/Standbild_Cooper_klein.jpg\" alt=\"\" title=\"Standbild_Cooper_klein\" width=\"640\" height=\"427\" class=\"aligncenter size-full wp-image-1754\" srcset=\"https:\/\/www.belfers.de\/wp-content\/uploads\/2013\/03\/Standbild_Cooper_klein.jpg 640w, https:\/\/www.belfers.de\/wp-content\/uploads\/2013\/03\/Standbild_Cooper_klein-300x200.jpg 300w, https:\/\/www.belfers.de\/wp-content\/uploads\/2013\/03\/Standbild_Cooper_klein-120x80.jpg 120w\" sizes=\"(max-width: 640px) 85vw, 640px\" \/><\/a><\/p>\n<p><strong>Name:<\/strong> Anettes Emotion Brady<br \/>\n<strong>Rufname:<\/strong> Cooper<br \/>\n<strong>Rasse:<\/strong> Kurzhaarcollie<br \/>\n<strong>Farbe:<\/strong> Blue Merle<br \/>\n<strong>Stockma\u00df:<\/strong> 59cm<\/p>\n<p><strong>Sport:<\/strong> DVG-Begleithundepr\u00fcfung mit 18 1\/2 Monaten;<br \/>\n       Rally Obedience Klasse 1 (seit 24.08.2014)<br \/>\n<strong><br \/>\nAusstellungstitel:<\/strong> Deutscher Jugendchampion (VDH), Deutscher Champion (VDH &#038; CfbrH)<br \/>\n<strong><br \/>\nK\u00f6rklasse 1 <\/strong><br \/>\n<em>&#8211; Cooper steht nicht l\u00e4nger als Deckr\u00fcde zur Verf\u00fcgung!<\/em><\/p>\n<p><a href=\"https:\/\/www.belfers.de\/wp-content\/uploads\/2013\/03\/Portrait_Cooper_klein.jpg\"><img loading=\"lazy\" src=\"https:\/\/www.belfers.de\/wp-content\/uploads\/2013\/03\/Portrait_Cooper_klein.jpg\" alt=\"\" title=\"Portrait_Cooper_klein\" width=\"640\" height=\"427\" class=\"aligncenter size-full wp-image-1755\" srcset=\"https:\/\/www.belfers.de\/wp-content\/uploads\/2013\/03\/Portrait_Cooper_klein.jpg 640w, https:\/\/www.belfers.de\/wp-content\/uploads\/2013\/03\/Portrait_Cooper_klein-300x200.jpg 300w, https:\/\/www.belfers.de\/wp-content\/uploads\/2013\/03\/Portrait_Cooper_klein-120x80.jpg 120w\" sizes=\"(max-width: 640px) 85vw, 640px\" \/><\/a><\/p>\n<p><strong>Wurftag:<\/strong> 26.September 2011<br \/>\n<strong>Z\u00fcchter:<\/strong> Anette und Manfred Ziegerath<\/p>\n<p><strong>Mutter:<\/strong> <a href=\"http:\/\/smooth-collie-database.freehostia.com\/view.php?id=4012\" title=\"Coopers Mama\" target=\"_blank\">Turellas Henny<\/a><br \/>\n<strong>Vater:<\/strong> <a href=\"http:\/\/smooth-collie-database.freehostia.com\/view.php?id=3773\" title=\"Coopers Papa\" target=\"_blank\">Jack Macks Win Onair<\/a><\/p>\n<p><strong>Pedigree:<\/strong> <a href=\"http:\/\/smooth-collie-database.freehostia.com\/view.php?id=7999\" title=\"Datenbank f\u00fcr Kurzhaarcollies\" target=\"_blank\"><br \/>\nCoopers Ahnentafel<\/a><br \/>\n-Bild oder Link anklicken!-<br \/>\n<a href=\"https:\/\/www.belfers.de\/wp-content\/uploads\/2013\/03\/Pedigree-4-Generationen.png\"><img loading=\"lazy\" src=\"https:\/\/www.belfers.de\/wp-content\/uploads\/2013\/03\/Pedigree-4-Generationen-1024x427.png\" alt=\"\" title=\"Pedigree 4 Generationen\" width=\"400\" height=\"166\" class=\"aligncenter size-large wp-image-1749\" srcset=\"https:\/\/www.belfers.de\/wp-content\/uploads\/2013\/03\/Pedigree-4-Generationen-1024x427.png 1024w, https:\/\/www.belfers.de\/wp-content\/uploads\/2013\/03\/Pedigree-4-Generationen-300x125.png 300w, https:\/\/www.belfers.de\/wp-content\/uploads\/2013\/03\/Pedigree-4-Generationen.png 1360w\" sizes=\"(max-width: 400px) 85vw, 400px\" \/><\/a><\/p>\n<p><strong>Geschwister:<\/strong><br \/>\n<a href=\"http:\/\/smooth-collie-database.freehostia.com\/view.php?id=8000\" title=\"Buddy\" target=\"_blank\">Anette\u2019s Emotion Buddy<\/a> &#8222;Kilay&#8220;, R\u00fcde blue merle<br \/>\n<a href=\"http:\/\/smooth-collie-database.freehostia.com\/view.php?id=8002\" title=\"Balu\" target=\"_blank\">Anette\u2019s Emotion Balu, <\/a>R\u00fcde blue merle<br \/>\n<a href=\"http:\/\/smooth-collie-database.freehostia.com\/view.php?id=7998\" title=\"Benji\" target=\"_blank\">Anette\u2019s Emotion Benji<\/a>, R\u00fcde blue merle<br \/>\n<a href=\"http:\/\/smooth-collie-database.freehostia.com\/view.php?id=8001\" title=\"Bandit\" target=\"_blank\">Anette\u2019s Emotion Bandit<\/a> &#8222;Vigo&#8220;, R\u00fcde tricolor<br \/>\n<a href=\"http:\/\/smooth-collie-database.freehostia.com\/view.php?id=7996\" title=\"Betsy\" target=\"_blank\">Anette\u2019s Emotion Betsy<\/a> &#8222;Hetti&#8220;, H\u00fcndin tricolor<br \/>\n<a href=\"http:\/\/smooth-collie-database.freehostia.com\/view.php?id=8003\" title=\"Baffy\" target=\"_blank\">Anette\u2019s Emotion Baffy<\/a> &#8222;Happy&#8220;, H\u00fcndin tricolor<br \/>\n<a href=\"http:\/\/smooth-collie-database.freehostia.com\/view.php?id=7997\" title=\"Bluna\" target=\"_blank\">Anette\u2019s Emotion Bluna<\/a>, H\u00fcndin blue merle<br \/>\n______________________________________________________________<br \/>\n<strong>Gesundheitswerte:<\/strong><br \/>\n<strong>Klinisch frei<\/strong><br \/>\nvon erblichen Augenerkrankungen (CEA\/PRA\/Kat\/MPP) als Welpe<br \/>\n<strong>CEA +\/-<\/strong> <em>Tr\u00e4ger<\/em><br \/>\n<strong>PRA rcd2 N\/N<\/strong> <em>genetisch frei<\/em><\/p>\n<p><strong>HD A1<\/strong> <em>frei <\/em><br \/>\n<strong>MDR1 +\/-<\/strong> <em>Tr\u00e4ger<\/em><br \/>\n<strong>DM N\/N<\/strong> <em>genetisch frei<\/em><br \/>\n<strong>Langhaargen<\/strong> <em>Tr\u00e4ger<\/em><br \/>\n______________________________________________________________<\/p>\n<p><a href=\"https:\/\/www.belfers.de\/blog\/wp-content\/uploads\/2013\/03\/2014-01-26-12.15.56_klein.jpg\"><img loading=\"lazy\" src=\"https:\/\/www.belfers.de\/wp-content\/uploads\/2013\/03\/2014-01-26-12.15.56_klein.jpg\" alt=\"\" title=\"2014-01-26 12.15.56_klein\" width=\"640\" height=\"480\" class=\"aligncenter size-full wp-image-2325\" srcset=\"https:\/\/www.belfers.de\/wp-content\/uploads\/2013\/03\/2014-01-26-12.15.56_klein.jpg 640w, https:\/\/www.belfers.de\/wp-content\/uploads\/2013\/03\/2014-01-26-12.15.56_klein-300x225.jpg 300w, https:\/\/www.belfers.de\/wp-content\/uploads\/2013\/03\/2014-01-26-12.15.56_klein-160x120.jpg 160w\" sizes=\"(max-width: 640px) 85vw, 640px\" \/><\/a><\/p>\n<p><strong><br \/>\nCooper mag:<\/strong><br \/>\nFressen<br \/>\nSchlafen<br \/>\nSchmusen<br \/>\nneben dem Fahrrad her laufen<br \/>\nKauknochen<br \/>\nfreundliche Artgenossen<br \/>\nKinder (die riechen immer so sch\u00f6n nach Kekskr\u00fcmmeln \ud83d\ude09 )<br \/>\n\u00fcberall dabei sein<br \/>\nTricks lernen<br \/>\nRally Obedience<\/p>\n<p><strong>Cooper mag nicht:<\/strong><br \/>\np\u00f6belnde Artgenossen<br \/>\nWasser &#8211; egal ob von oben, unter oder von der Seite \ud83d\ude09<\/p>\n<p><a href=\"https:\/\/www.belfers.de\/?page_id=248\" title=\"Auf den Hund gekommen\" target=\"_blank\">Coopers Geschichte<\/a><br \/>\n<a href=\"https:\/\/www.belfers.de\/?page_id=245\" title=\"Ausstellungserfolge\" target=\"_blank\">Ausstellungserfolge<\/a><br \/>\n<a href=\"https:\/\/www.belfers.de\/?page_id=561\" title=\"Sporterfolge\" target=\"_blank\">Sporterfolge<\/a><\/p>\n","protected":false},"excerpt":{"rendered":"<p>Name: Anettes Emotion Brady Rufname: Cooper Rasse: Kurzhaarcollie Farbe: Blue Merle Stockma\u00df: 59cm Sport: DVG-Begleithundepr\u00fcfung mit 18 1\/2 Monaten; Rally Obedience Klasse 1 (seit 24.08.2014) Ausstellungstitel: Deutscher Jugendchampion (VDH), Deutscher Champion (VDH &#038; CfbrH) K\u00f6rklasse 1 &#8211; Cooper steht nicht l\u00e4nger als Deckr\u00fcde zur Verf\u00fcgung! Wurftag: 26.September 2011 Z\u00fcchter: Anette und Manfred Ziegerath Mutter: Turellas &hellip; <a href=\"https:\/\/www.belfers.de\/?page_id=134\" class=\"more-link\"><span class=\"screen-reader-text\">&#8222;\u00dcber Kurzhaarcollie Cooper&#8220; <\/span>weiterlesen<\/a><\/p>\n","protected":false},"author":1,"featured_media":0,"parent":0,"menu_order":2,"comment_status":"open","ping_status":"closed","template":"","meta":[],"_links":{"self":[{"href":"https:\/\/www.belfers.de\/index.php?rest_route=\/wp\/v2\/pages\/134"}],"collection":[{"href":"https:\/\/www.belfers.de\/index.php?rest_route=\/wp\/v2\/pages"}],"about":[{"href":"https:\/\/www.belfers.de\/index.php?rest_route=\/wp\/v2\/types\/page"}],"author":[{"embeddable":true,"href":"https:\/\/www.belfers.de\/index.php?rest_route=\/wp\/v2\/users\/1"}],"replies":[{"embeddable":true,"href":"https:\/\/www.belfers.de\/index.php?rest_route=%2Fwp%2Fv2%2Fcomments&post=134"}],"version-history":[{"count":62,"href":"https:\/\/www.belfers.de\/index.php?rest_route=\/wp\/v2\/pages\/134\/revisions"}],"predecessor-version":[{"id":4361,"href":"https:\/\/www.belfers.de\/index.php?rest_route=\/wp\/v2\/pages\/134\/revisions\/4361"}],"wp:attachment":[{"href":"https:\/\/www.belfers.de\/index.php?rest_route=%2Fwp%2Fv2%2Fmedia&parent=134"}],"curies":[{"name":"wp","href":"https:\/\/api.w.org\/{rel}","templated":true}]}}