{"id":1196,"date":"2014-05-01T23:31:34","date_gmt":"2014-05-01T21:31:34","guid":{"rendered":"http:\/\/www.belfers.de\/?page_id=1196"},"modified":"2018-06-01T09:39:57","modified_gmt":"2018-06-01T07:39:57","slug":"bettys-lasagne","status":"publish","type":"page","link":"https:\/\/www.belfers.de\/?page_id=1196","title":{"rendered":"Betty\u00b4s Lasagne"},"content":{"rendered":"<p>9 Lasagneplatten<br \/>\n400g Rinderhackfleisch<br \/>\n300g Buttergem\u00fcse<br \/>\n1 Glas getrocknete Tomaten in \u00d6l (wahlweise Knoblauch\u00f6l)<br \/>\netwas Milch<br \/>\n200 ml Wasser<br \/>\n200g Creme Fraiche<br \/>\n200g geriebenen K\u00e4se<br \/>\nnach belieben Salz, Pfeffer und getrocknete Kr\u00e4uter<br \/>\netwas \u00d6l oder Butter zum Fetten der Auflaufform<\/p>\n<p>Ofen auf 200 Grad vorheizen; flache Auflaufform mit \u00d6l oder Butter ausreiben; Hackfleisch anbraten; getrocknete Tomaten abtropfen lassen und mit etwas Milch und Wasser p\u00fcrieren; das Buttergem\u00fcse zum Hackfleisch geben und zusammen mit der Tomatenmasse etwas k\u00f6cheln lassen &#8211; bei Gem\u00fcsemuffeln kann man das Buttergem\u00fcse auch gut p\u00fcrieren, dann &#8222;verschwindet&#8220; das Gem\u00fcse einfach in der So\u00dfe \ud83d\ude09 &#8211; die So\u00dfe mit Salz, Pfeffer und getrockneten Kr\u00e4utern abschmecken; die Hackfleischso\u00dfe dann im Wechsel mit den Lasagneplatten in die Auflaufform schichten; mit Platten anfangen und mit So\u00dfe aufh\u00f6ren; zum Schlu\u00df einige Kleckse Creme Fraiche auf die oberste Schicht geben und dann den geriebenen K\u00e4se dr\u00fcber streuen; f\u00fcr ca 30 Minuten in den Ofen geben&#8230; Lecker!<\/p>\n","protected":false},"excerpt":{"rendered":"<p>9 Lasagneplatten 400g Rinderhackfleisch 300g Buttergem\u00fcse 1 Glas getrocknete Tomaten in \u00d6l (wahlweise Knoblauch\u00f6l) etwas Milch 200 ml Wasser 200g Creme Fraiche 200g geriebenen K\u00e4se nach belieben Salz, Pfeffer und getrocknete Kr\u00e4uter etwas \u00d6l oder Butter zum Fetten der Auflaufform Ofen auf 200 Grad vorheizen; flache Auflaufform mit \u00d6l oder Butter ausreiben; Hackfleisch anbraten; getrocknete &hellip; <a href=\"https:\/\/www.belfers.de\/?page_id=1196\" class=\"more-link\"><span class=\"screen-reader-text\">&#8222;Betty\u00b4s Lasagne&#8220; <\/span>weiterlesen<\/a><\/p>\n","protected":false},"author":1,"featured_media":0,"parent":152,"menu_order":2,"comment_status":"open","ping_status":"closed","template":"","meta":[],"_links":{"self":[{"href":"https:\/\/www.belfers.de\/index.php?rest_route=\/wp\/v2\/pages\/1196"}],"collection":[{"href":"https:\/\/www.belfers.de\/index.php?rest_route=\/wp\/v2\/pages"}],"about":[{"href":"https:\/\/www.belfers.de\/index.php?rest_route=\/wp\/v2\/types\/page"}],"author":[{"embeddable":true,"href":"https:\/\/www.belfers.de\/index.php?rest_route=\/wp\/v2\/users\/1"}],"replies":[{"embeddable":true,"href":"https:\/\/www.belfers.de\/index.php?rest_route=%2Fwp%2Fv2%2Fcomments&post=1196"}],"version-history":[{"count":6,"href":"https:\/\/www.belfers.de\/index.php?rest_route=\/wp\/v2\/pages\/1196\/revisions"}],"predecessor-version":[{"id":3376,"href":"https:\/\/www.belfers.de\/index.php?rest_route=\/wp\/v2\/pages\/1196\/revisions\/3376"}],"up":[{"embeddable":true,"href":"https:\/\/www.belfers.de\/index.php?rest_route=\/wp\/v2\/pages\/152"}],"wp:attachment":[{"href":"https:\/\/www.belfers.de\/index.php?rest_route=%2Fwp%2Fv2%2Fmedia&parent=1196"}],"curies":[{"name":"wp","href":"https:\/\/api.w.org\/{rel}","templated":true}]}}