{"id":1107,"date":"2013-07-08T09:30:38","date_gmt":"2013-07-08T07:30:38","guid":{"rendered":"http:\/\/www.belfers.de\/?page_id=1107"},"modified":"2018-06-01T09:39:36","modified_gmt":"2018-06-01T07:39:36","slug":"korbericht-07-07-2013-folgt-in-kurze","status":"publish","type":"page","link":"https:\/\/www.belfers.de\/?page_id=1107","title":{"rendered":"K\u00f6rbericht"},"content":{"rendered":"<p>12. Nordseeschau in Wulsb\u00fcttel (Club f\u00fcr Britische H\u00fctehunde e.V.)<br \/>\nam 07. Juli 2013<\/p>\n<p>K\u00f6rrichter: Claus-Peter Fricke<br \/>\n<strong>K\u00f6rklasse 1<\/strong><br \/>\n<em>Cooper steht nicht mehr zur Zucht zur Verf\u00fcgung<\/em><\/p>\n<p><a href=\"https:\/\/www.belfers.de\/wp-content\/uploads\/2013\/07\/DSC_2056_klein.jpg\"><img loading=\"lazy\" src=\"https:\/\/www.belfers.de\/wp-content\/uploads\/2013\/07\/DSC_2056_klein.jpg\" alt=\"\" title=\"DSC_2056_klein\" width=\"369\" height=\"640\" class=\"aligncenter size-full wp-image-1115\" \/><\/a><\/p>\n<p><strong><br \/>\nVerhaltensbeurteilung<\/strong><br \/>\n<em>(Hier sieht man das Formular zur Verhaltensbeurteilung<br \/>\n<a href=\"http:\/\/www.cfbrh.de\/der-club\/club-report\/ausgabe\/01-2013.html#page\/7\" title=\"CfbrH Verhaltens\u00fcberpr\u00fcfung Formular\" target=\"_blank\">Formular<\/a><br \/>\n(Quelle Cfbrh Club Report 1\/2013)) <\/em><\/p>\n<p><strong>Verhalten beim Messen: neutral  X<\/strong><br \/>\n<strong>Verhalten beim Chip-Ablesen: neutral  X<\/strong><br \/>\n<strong>Verhalten bei der Gebisskontrolle: neutral  X<\/strong><\/p>\n<p><strong>Verhalten gegen\u00fcber anderen Menschen:<\/strong><br \/>\n<strong>neutral  X<\/strong><\/p>\n<p><strong>Verhalten gegen\u00fcber anderen Artgenossen:<\/strong><br \/>\n<strong>neutral  X<\/strong><\/p>\n<p><strong>Der Hund verh\u00e4lt sich bez\u00fcglich des Rassestandards:<\/strong><br \/>\n<strong>standardgerecht  X<\/strong><\/p>\n<p><strong>Der Hund&#8230;<\/strong><br \/>\n<strong>zeigt ein standardgerechtes Verhalten und wird f\u00fcr die Zucht freigegeben. X <\/strong><\/p>\n<p><a href=\"https:\/\/www.belfers.de\/wp-content\/uploads\/2013\/07\/DSC_2061_klein2.jpg\"><img loading=\"lazy\" src=\"https:\/\/www.belfers.de\/wp-content\/uploads\/2013\/07\/DSC_2061_klein2.jpg\" alt=\"\" title=\"DSC_2061_klein2\" width=\"465\" height=\"447\" class=\"aligncenter size-full wp-image-1175\" srcset=\"https:\/\/www.belfers.de\/wp-content\/uploads\/2013\/07\/DSC_2061_klein2.jpg 465w, https:\/\/www.belfers.de\/wp-content\/uploads\/2013\/07\/DSC_2061_klein2-300x288.jpg 300w\" sizes=\"(max-width: 465px) 85vw, 465px\" \/><\/a><\/p>\n<p><strong>K\u00f6rbericht<\/strong><\/p>\n<p>Fellfarbe: blue-merle<br \/>\nWiederristh\u00f6he: 59 cm<br \/>\nZahnfehler nein X<br \/>\nfehlende Z\u00e4hne: keine<br \/>\nGebissschluss: Schere<br \/>\nsonstige Besonderheiten: &#8212;<br \/>\nOphthalmologische Untersuchungen: 17.11.11 frei<br \/>\nHD-Ergebnis: A1<br \/>\nGenetische Untersuchungen: &#8212;<br \/>\nMDR1-Ergebnis: +\/-<br \/>\nAudiometrische Untersuchung: &#8212;<br \/>\nZwei Ausstellungsbewertungen mit den Formwertnoten 2xV1 sind beigef\u00fcgt.<\/p>\n<p>Sehr harmonisch aufgebauter blue-merle R\u00fcde. Von korrekter Gr\u00f6\u00dfe. Sehr gut proportionierter Kopf. Vollzahn Scherengebiss. Einem braunen und einem marmorierten Auge.<br \/>\nKorrekte Kippohren. Sehr gute Hals- und R\u00fcckenlinie.<br \/>\nBrusttiefe u. Wickelungen k\u00f6nnten etwas ausgepr\u00e4gter sein.<br \/>\nKorrekt im Stand. M\u00fchelos i. d. Bewegung.<br \/>\nAusgeglichenes und freundliches Wesen.<\/p>\n<p>Formwertnote der K\u00f6rung: V<br \/>\nK\u00f6rklasse 1<\/p>\n","protected":false},"excerpt":{"rendered":"<p>12. Nordseeschau in Wulsb\u00fcttel (Club f\u00fcr Britische H\u00fctehunde e.V.) am 07. Juli 2013 K\u00f6rrichter: Claus-Peter Fricke K\u00f6rklasse 1 Cooper steht nicht mehr zur Zucht zur Verf\u00fcgung Verhaltensbeurteilung (Hier sieht man das Formular zur Verhaltensbeurteilung Formular (Quelle Cfbrh Club Report 1\/2013)) Verhalten beim Messen: neutral X Verhalten beim Chip-Ablesen: neutral X Verhalten bei der Gebisskontrolle: neutral &hellip; <a href=\"https:\/\/www.belfers.de\/?page_id=1107\" class=\"more-link\"><span class=\"screen-reader-text\">&#8222;K\u00f6rbericht&#8220; <\/span>weiterlesen<\/a><\/p>\n","protected":false},"author":1,"featured_media":0,"parent":685,"menu_order":1,"comment_status":"open","ping_status":"open","template":"","meta":[],"_links":{"self":[{"href":"https:\/\/www.belfers.de\/index.php?rest_route=\/wp\/v2\/pages\/1107"}],"collection":[{"href":"https:\/\/www.belfers.de\/index.php?rest_route=\/wp\/v2\/pages"}],"about":[{"href":"https:\/\/www.belfers.de\/index.php?rest_route=\/wp\/v2\/types\/page"}],"author":[{"embeddable":true,"href":"https:\/\/www.belfers.de\/index.php?rest_route=\/wp\/v2\/users\/1"}],"replies":[{"embeddable":true,"href":"https:\/\/www.belfers.de\/index.php?rest_route=%2Fwp%2Fv2%2Fcomments&post=1107"}],"version-history":[{"count":33,"href":"https:\/\/www.belfers.de\/index.php?rest_route=\/wp\/v2\/pages\/1107\/revisions"}],"predecessor-version":[{"id":4250,"href":"https:\/\/www.belfers.de\/index.php?rest_route=\/wp\/v2\/pages\/1107\/revisions\/4250"}],"up":[{"embeddable":true,"href":"https:\/\/www.belfers.de\/index.php?rest_route=\/wp\/v2\/pages\/685"}],"wp:attachment":[{"href":"https:\/\/www.belfers.de\/index.php?rest_route=%2Fwp%2Fv2%2Fmedia&parent=1107"}],"curies":[{"name":"wp","href":"https:\/\/api.w.org\/{rel}","templated":true}]}}